{"id":1010,"date":"2020-01-10T13:21:13","date_gmt":"2020-01-10T13:21:13","guid":{"rendered":"https:\/\/gecko-fix.com\/?page_id=1010"},"modified":"2020-01-13T09:12:03","modified_gmt":"2020-01-13T09:12:03","slug":"vorteile","status":"publish","type":"page","link":"https:\/\/gecko-fix.com\/de\/vorteile\/","title":{"rendered":"Vorteile"},"content":{"rendered":"<div class=\"wpb-content-wrapper\"><p>[vc_row css_animation=&#8220;&#8220; row_type=&#8220;row&#8220; use_row_as_full_screen_section=&#8220;no&#8220; type=&#8220;grid&#8220; angled_section=&#8220;no&#8220; text_align=&#8220;left&#8220; background_image_as_pattern=&#8220;without_pattern&#8220; css=&#8220;.vc_custom_1576163640835{background-color: #c8d400 !important;}&#8220; z_index=&#8220;&#8220;][vc_column][vc_empty_space height=&#8220;50px&#8220;][vc_column_text]<\/p>\n<h1 class=\"subpage-title\">Warum Gecko? Entdecken Sie unsere Vorteile.<\/h1>\n<p>[\/vc_column_text][vc_empty_space height=&#8220;40px&#8220;][vc_row_inner row_type=&#8220;row&#8220; type=&#8220;full_width&#8220; text_align=&#8220;left&#8220; css_animation=&#8220;&#8220;][vc_column_inner][vc_column_text]Dieses patentierte System ist ideal f\u00fcr die schnelle Installation, einfache und f\u00fcr eine neue Fassade nachhaltig.[\/vc_column_text][vc_empty_space height=&#8220;40px&#8220;][vc_raw_html]JTNDYSUyMGhyZWYlM0QlMjIlMkZkZSUyRnJlZmVyZW56ZW4lMkYlMjIlM0UlM0NidXR0b24lMjBjbGFzcyUzRCUyMmNvbW1vbi1idG4lMjIlM0VVbnNlcmUlMjBSZWZlcmVuemVuJTNDJTJGYnV0dG9uJTNFJTNDJTJGYSUzRQ==[\/vc_raw_html][\/vc_column_inner][\/vc_row_inner][vc_empty_space height=&#8220;40px&#8220;][\/vc_column][\/vc_row][vc_row css_animation=&#8220;&#8220; row_type=&#8220;row&#8220; use_row_as_full_screen_section=&#8220;no&#8220; type=&#8220;grid&#8220; angled_section=&#8220;no&#8220; text_align=&#8220;left&#8220; background_image_as_pattern=&#8220;without_pattern&#8220; z_index=&#8220;&#8220;][vc_column][vc_empty_space height=&#8220;40px&#8220;][\/vc_column][\/vc_row][vc_row css_animation=&#8220;&#8220; row_type=&#8220;row&#8220; use_row_as_full_screen_section=&#8220;no&#8220; type=&#8220;grid&#8220; angled_section=&#8220;no&#8220; text_align=&#8220;left&#8220; background_image_as_pattern=&#8220;without_pattern&#8220; z_index=&#8220;&#8220;][vc_column width=&#8220;1\/2&#8243;][vc_column_text]<\/p>\n<h2 class=\"text-big\">Schnell und einfach:<\/h2>\n<p>[\/vc_column_text][vc_empty_space height=&#8220;20px&#8220;]<div class=\"q_list circle\">\n\t<\/p>\n<ul class=\"common-list\">\n<li>Kann von 1 Person platziert und ausgerichtet werden<\/li>\n<li>Schnelle Ausrichtung = bis zu 40% schnellere Montagezeit<\/li>\n<li>Standard-Montageschrauben<\/li>\n<li>Die Ausrichtung kann sowohl mit Schrauben als auch mit einer Gas- \/ Druckluftnagelmaschine erfolgen<\/li>\n<li>Keine Spezialwerkzeuge erforderlich<\/li>\n<\/ul>\n<p><\/div>[vc_empty_space height=&#8220;20px&#8220;][\/vc_column][vc_column width=&#8220;1\/2&#8243;][vc_column_text]<\/p>\n<p style=\"text-align: left;\"><img decoding=\"async\" class=\"alignleft\" src=\"\/wp-content\/uploads\/2019\/12\/gecko-fix-1-300x214.jpg\" alt=\"\" width=\"400\" \/><\/p>\n<p>[\/vc_column_text][\/vc_column][\/vc_row][vc_row css_animation=&#8220;&#8220; row_type=&#8220;row&#8220; use_row_as_full_screen_section=&#8220;no&#8220; type=&#8220;grid&#8220; angled_section=&#8220;no&#8220; text_align=&#8220;left&#8220; background_image_as_pattern=&#8220;without_pattern&#8220; z_index=&#8220;&#8220;][vc_column][vc_empty_space height=&#8220;40px&#8220;][\/vc_column][\/vc_row][vc_row css_animation=&#8220;&#8220; row_type=&#8220;row&#8220; use_row_as_full_screen_section=&#8220;no&#8220; type=&#8220;grid&#8220; angled_section=&#8220;no&#8220; text_align=&#8220;left&#8220; background_image_as_pattern=&#8220;without_pattern&#8220; z_index=&#8220;&#8220;][vc_column width=&#8220;1\/2&#8243;][vc_column_text]<\/p>\n<h2 class=\"text-big\">Verschiedene Anwendungen<\/h2>\n<p>[\/vc_column_text][vc_empty_space height=&#8220;20px&#8220;]<div class=\"q_list circle\">\n\t<\/p>\n<ul class=\"common-list\">\n<li>3 B\u00fcgel f\u00fcr alle Anwendungen<\/li>\n<\/ul>\n<div style=\"margin-left: 30px\">\n<p style=\"margin-bottom: 18px\"><a class=\"green\" href=\"\/de\/produkte\/\">BG210:<\/a> Mineralwolleanwendungen (vertikale K\u00f6perstruktur)<\/p>\n<p style=\"margin-bottom: 18px\"><a class=\"green\" href=\"\/de\/produkte\/\">BG110:<\/a> PUR-Anwendungen (vertikale K\u00f6perstruktur)<\/p>\n<p style=\"margin-bottom: 22px\"><a class=\"green\" href=\"\/de\/produkte\/\">BG90H:<\/a> PUR-Anwendungen (horizontale und\/oder abgewinkelte* K\u00f6perstruktur)<\/p>\n<\/div>\n<ul class=\"common-list\">\n<li>Extra Ausrichtungsspielraum bis 90mm<\/li>\n<li>Ideal f\u00fcr Renovierungsanwendungen<\/li>\n<\/ul>\n<p><\/div>[vc_empty_space height=&#8220;20px&#8220;][vc_column_text]*in einem Winkel bis zu 30\u00b0 angeordnet, vorbehaltlich von den Installationsrichtlinien[\/vc_column_text][vc_empty_space height=&#8220;20px&#8220;][\/vc_column][vc_column width=&#8220;1\/2&#8243;][vc_column_text]<img decoding=\"async\" class=\"alignleft\" src=\"\/wp-content\/uploads\/2019\/12\/gecko-fix-6.jpg\" alt=\"\" width=\"400\" \/>[\/vc_column_text][\/vc_column][\/vc_row][vc_row css_animation=&#8220;&#8220; row_type=&#8220;row&#8220; use_row_as_full_screen_section=&#8220;no&#8220; type=&#8220;grid&#8220; angled_section=&#8220;no&#8220; text_align=&#8220;left&#8220; background_image_as_pattern=&#8220;without_pattern&#8220; z_index=&#8220;&#8220;][vc_column][vc_empty_space height=&#8220;40px&#8220;][\/vc_column][\/vc_row][vc_row css_animation=&#8220;&#8220; row_type=&#8220;row&#8220; use_row_as_full_screen_section=&#8220;no&#8220; type=&#8220;grid&#8220; angled_section=&#8220;no&#8220; text_align=&#8220;left&#8220; background_image_as_pattern=&#8220;without_pattern&#8220; z_index=&#8220;&#8220;][vc_column][vc_column_text]<\/p>\n<h2 class=\"text-big\">Langlebig<\/h2>\n<p>[\/vc_column_text][vc_empty_space height=&#8220;20px&#8220;]<div class=\"q_list circle\">\n\t<\/p>\n<ul class=\"common-list\">\n<li>Keine W\u00e4rmebr\u00fccken<\/li>\n<li>Hergestellt aus 100% recyceltem Material<\/li>\n<\/ul>\n<p><\/div>[vc_empty_space height=&#8220;20px&#8220;][\/vc_column][\/vc_row][vc_row css_animation=&#8220;&#8220; row_type=&#8220;row&#8220; use_row_as_full_screen_section=&#8220;no&#8220; type=&#8220;grid&#8220; angled_section=&#8220;no&#8220; text_align=&#8220;left&#8220; background_image_as_pattern=&#8220;without_pattern&#8220; z_index=&#8220;&#8220;][vc_column][vc_empty_space height=&#8220;80px&#8220;][\/vc_column][\/vc_row]<\/p>\n<\/div>","protected":false},"excerpt":{"rendered":"<p>[vc_row css_animation=&#8220;&#8220; row_type=&#8220;row&#8220; use_row_as_full_screen_section=&#8220;no&#8220; type=&#8220;grid&#8220; angled_section=&#8220;no&#8220; text_align=&#8220;left&#8220; background_image_as_pattern=&#8220;without_pattern&#8220; css=&#8220;.vc_custom_1576163640835{background-color: #c8d400 !important;}&#8220; z_index=&#8220;&#8220;][vc_column][vc_empty_space height=&#8220;50px&#8220;][vc_column_text] Warum Gecko? Entdecken Sie unsere Vorteile. [\/vc_column_text][vc_empty_space height=&#8220;40px&#8220;][vc_row_inner row_type=&#8220;row&#8220; type=&#8220;full_width&#8220; text_align=&#8220;left&#8220; css_animation=&#8220;&#8220;][vc_column_inner][vc_column_text]Dieses patentierte System ist ideal f\u00fcr die schnelle Installation, einfache und f\u00fcr eine neue Fassade nachhaltig.[\/vc_column_text][vc_empty_space height=&#8220;40px&#8220;][vc_raw_html]JTNDYSUyMGhyZWYlM0QlMjIlMkZkZSUyRnJlZmVyZW56ZW4lMkYlMjIlM0UlM0NidXR0b24lMjBjbGFzcyUzRCUyMmNvbW1vbi1idG4lMjIlM0VVbnNlcmUlMjBSZWZlcmVuemVuJTNDJTJGYnV0dG9uJTNFJTNDJTJGYSUzRQ==[\/vc_raw_html][\/vc_column_inner][\/vc_row_inner][vc_empty_space height=&#8220;40px&#8220;][\/vc_column][\/vc_row][vc_row css_animation=&#8220;&#8220; row_type=&#8220;row&#8220; use_row_as_full_screen_section=&#8220;no&#8220;&#8230;<\/p>\n","protected":false},"author":6,"featured_media":0,"parent":0,"menu_order":0,"comment_status":"closed","ping_status":"closed","template":"full_width.php","meta":{"_acf_changed":false,"footnotes":""},"class_list":["post-1010","page","type-page","status-publish","hentry"],"acf":[],"yoast_head":"<!-- This site is optimized with the Yoast SEO plugin v27.0 - https:\/\/yoast.com\/product\/yoast-seo-wordpress\/ -->\n<title>Gecko - Entdecken Sie die Vorteile - Nachhaltige L\u00f6sung f\u00fcr Ihre Fassade<\/title>\n<meta name=\"description\" content=\"Gecko Montage b\u00fcgel sind ideal f\u00fcr die schnelle, einfache und dauerhafte Installation einer neuen Fassade. Entdecken Sie hier alle unsere Vorteile\" \/>\n<meta name=\"robots\" content=\"index, follow, max-snippet:-1, max-image-preview:large, max-video-preview:-1\" \/>\n<link rel=\"canonical\" href=\"https:\/\/gecko-fix.com\/de\/vorteile\/\" \/>\n<meta property=\"og:locale\" content=\"de_DE\" \/>\n<meta property=\"og:type\" content=\"article\" \/>\n<meta property=\"og:title\" content=\"Gecko - Entdecken Sie die Vorteile - Nachhaltige L\u00f6sung f\u00fcr Ihre Fassade\" \/>\n<meta property=\"og:description\" content=\"Gecko Montage b\u00fcgel sind ideal f\u00fcr die schnelle, einfache und dauerhafte Installation einer neuen Fassade. Entdecken Sie hier alle unsere Vorteile\" \/>\n<meta property=\"og:url\" content=\"https:\/\/gecko-fix.com\/de\/vorteile\/\" \/>\n<meta property=\"og:site_name\" content=\"Gecko Fix\" \/>\n<meta property=\"article:modified_time\" content=\"2020-01-13T09:12:03+00:00\" \/>\n<meta name=\"twitter:card\" content=\"summary_large_image\" \/>\n<meta name=\"twitter:label1\" content=\"Gesch\u00e4tzte Lesezeit\" \/>\n\t<meta name=\"twitter:data1\" content=\"3\u00a0Minuten\" \/>\n<script type=\"application\/ld+json\" class=\"yoast-schema-graph\">{\"@context\":\"https:\/\/schema.org\",\"@graph\":[{\"@type\":\"WebPage\",\"@id\":\"https:\/\/gecko-fix.com\/de\/vorteile\/\",\"url\":\"https:\/\/gecko-fix.com\/de\/vorteile\/\",\"name\":\"Gecko - Entdecken Sie die Vorteile - Nachhaltige L\u00f6sung f\u00fcr Ihre Fassade\",\"isPartOf\":{\"@id\":\"https:\/\/gecko-fix.com\/#website\"},\"datePublished\":\"2020-01-10T13:21:13+00:00\",\"dateModified\":\"2020-01-13T09:12:03+00:00\",\"description\":\"Gecko Montage b\u00fcgel sind ideal f\u00fcr die schnelle, einfache und dauerhafte Installation einer neuen Fassade. Entdecken Sie hier alle unsere Vorteile\",\"breadcrumb\":{\"@id\":\"https:\/\/gecko-fix.com\/de\/vorteile\/#breadcrumb\"},\"inLanguage\":\"de\",\"potentialAction\":[{\"@type\":\"ReadAction\",\"target\":[\"https:\/\/gecko-fix.com\/de\/vorteile\/\"]}]},{\"@type\":\"BreadcrumbList\",\"@id\":\"https:\/\/gecko-fix.com\/de\/vorteile\/#breadcrumb\",\"itemListElement\":[{\"@type\":\"ListItem\",\"position\":1,\"name\":\"Home\",\"item\":\"https:\/\/gecko-fix.com\/de\/\"},{\"@type\":\"ListItem\",\"position\":2,\"name\":\"Vorteile\"}]},{\"@type\":\"WebSite\",\"@id\":\"https:\/\/gecko-fix.com\/#website\",\"url\":\"https:\/\/gecko-fix.com\/\",\"name\":\"Gecko Fix\",\"description\":\"Duurzame gevelbekleding voor nieuwbouw en renovatie\",\"potentialAction\":[{\"@type\":\"SearchAction\",\"target\":{\"@type\":\"EntryPoint\",\"urlTemplate\":\"https:\/\/gecko-fix.com\/?s={search_term_string}\"},\"query-input\":{\"@type\":\"PropertyValueSpecification\",\"valueRequired\":true,\"valueName\":\"search_term_string\"}}],\"inLanguage\":\"de\"}]}<\/script>\n<!-- \/ Yoast SEO plugin. -->","yoast_head_json":{"title":"Gecko - Entdecken Sie die Vorteile - Nachhaltige L\u00f6sung f\u00fcr Ihre Fassade","description":"Gecko Montage b\u00fcgel sind ideal f\u00fcr die schnelle, einfache und dauerhafte Installation einer neuen Fassade. Entdecken Sie hier alle unsere Vorteile","robots":{"index":"index","follow":"follow","max-snippet":"max-snippet:-1","max-image-preview":"max-image-preview:large","max-video-preview":"max-video-preview:-1"},"canonical":"https:\/\/gecko-fix.com\/de\/vorteile\/","og_locale":"de_DE","og_type":"article","og_title":"Gecko - Entdecken Sie die Vorteile - Nachhaltige L\u00f6sung f\u00fcr Ihre Fassade","og_description":"Gecko Montage b\u00fcgel sind ideal f\u00fcr die schnelle, einfache und dauerhafte Installation einer neuen Fassade. Entdecken Sie hier alle unsere Vorteile","og_url":"https:\/\/gecko-fix.com\/de\/vorteile\/","og_site_name":"Gecko Fix","article_modified_time":"2020-01-13T09:12:03+00:00","twitter_card":"summary_large_image","twitter_misc":{"Gesch\u00e4tzte Lesezeit":"3\u00a0Minuten"},"schema":{"@context":"https:\/\/schema.org","@graph":[{"@type":"WebPage","@id":"https:\/\/gecko-fix.com\/de\/vorteile\/","url":"https:\/\/gecko-fix.com\/de\/vorteile\/","name":"Gecko - Entdecken Sie die Vorteile - Nachhaltige L\u00f6sung f\u00fcr Ihre Fassade","isPartOf":{"@id":"https:\/\/gecko-fix.com\/#website"},"datePublished":"2020-01-10T13:21:13+00:00","dateModified":"2020-01-13T09:12:03+00:00","description":"Gecko Montage b\u00fcgel sind ideal f\u00fcr die schnelle, einfache und dauerhafte Installation einer neuen Fassade. Entdecken Sie hier alle unsere Vorteile","breadcrumb":{"@id":"https:\/\/gecko-fix.com\/de\/vorteile\/#breadcrumb"},"inLanguage":"de","potentialAction":[{"@type":"ReadAction","target":["https:\/\/gecko-fix.com\/de\/vorteile\/"]}]},{"@type":"BreadcrumbList","@id":"https:\/\/gecko-fix.com\/de\/vorteile\/#breadcrumb","itemListElement":[{"@type":"ListItem","position":1,"name":"Home","item":"https:\/\/gecko-fix.com\/de\/"},{"@type":"ListItem","position":2,"name":"Vorteile"}]},{"@type":"WebSite","@id":"https:\/\/gecko-fix.com\/#website","url":"https:\/\/gecko-fix.com\/","name":"Gecko Fix","description":"Duurzame gevelbekleding voor nieuwbouw en renovatie","potentialAction":[{"@type":"SearchAction","target":{"@type":"EntryPoint","urlTemplate":"https:\/\/gecko-fix.com\/?s={search_term_string}"},"query-input":{"@type":"PropertyValueSpecification","valueRequired":true,"valueName":"search_term_string"}}],"inLanguage":"de"}]}},"_links":{"self":[{"href":"https:\/\/gecko-fix.com\/de\/wp-json\/wp\/v2\/pages\/1010","targetHints":{"allow":["GET"]}}],"collection":[{"href":"https:\/\/gecko-fix.com\/de\/wp-json\/wp\/v2\/pages"}],"about":[{"href":"https:\/\/gecko-fix.com\/de\/wp-json\/wp\/v2\/types\/page"}],"author":[{"embeddable":true,"href":"https:\/\/gecko-fix.com\/de\/wp-json\/wp\/v2\/users\/6"}],"replies":[{"embeddable":true,"href":"https:\/\/gecko-fix.com\/de\/wp-json\/wp\/v2\/comments?post=1010"}],"version-history":[{"count":6,"href":"https:\/\/gecko-fix.com\/de\/wp-json\/wp\/v2\/pages\/1010\/revisions"}],"predecessor-version":[{"id":1070,"href":"https:\/\/gecko-fix.com\/de\/wp-json\/wp\/v2\/pages\/1010\/revisions\/1070"}],"wp:attachment":[{"href":"https:\/\/gecko-fix.com\/de\/wp-json\/wp\/v2\/media?parent=1010"}],"curies":[{"name":"wp","href":"https:\/\/api.w.org\/{rel}","templated":true}]}}