{"id":11711,"date":"2025-05-27T10:18:16","date_gmt":"2025-05-27T08:18:16","guid":{"rendered":"https:\/\/gecko-fix.com\/?page_id=11711"},"modified":"2025-05-27T13:53:07","modified_gmt":"2025-05-27T11:53:07","slug":"allgemeine-geschaeftsbedingungen","status":"publish","type":"page","link":"https:\/\/gecko-fix.com\/de\/allgemeine-geschaeftsbedingungen\/","title":{"rendered":"Allgemeine gesch\u00e4ftsbedingungen"},"content":{"rendered":"<div class=\"wpb-content-wrapper\"><p>[vc_row css_animation=&#8220;&#8220; row_type=&#8220;row&#8220; use_row_as_full_screen_section=&#8220;no&#8220; type=&#8220;full_width&#8220; angled_section=&#8220;no&#8220; text_align=&#8220;left&#8220; background_image_as_pattern=&#8220;without_pattern&#8220; css=&#8220;.vc_custom_1748346611805{margin-top: 85px !important;margin-bottom: 65px !important;}&#8220; z_index=&#8220;&#8220;][vc_column][vc_column_text css=&#8220;&#8220;]<\/p>\n<h1>Allgemeine gesch\u00e4ftsbedingungen<\/h1>\n<p>&nbsp;<\/p>\n<div><\/div>\n<p><strong>Artikel 1 \u2013 Definitionen<\/strong><\/p>\n<ul>\n<li>\u201eGECKO BV\u201c: die Gesellschaft mit beschr\u00e4nkter Haftung mit Sitz in Ernest Claesstraat 153\/B, 3271 Averbode, eingetragen im Unternehmensregister unter der Nummer 0746.961.960, im Folgenden \u201eDienstleister\u201c genannt.<\/li>\n<li>\u201eKunde\u201c: jede nat\u00fcrliche oder juristische Person, die eine Bestellung aufgibt oder einen Vertrag mit GECKO BV abschlie\u00dft.<\/li>\n<li>\u201eVerbraucher\u201c: eine nat\u00fcrliche Person, die zu Zwecken handelt, die nicht ihrer gewerblichen, handwerklichen oder beruflichen T\u00e4tigkeit im Sinne des Wirtschaftsgesetzbuches zuzurechnen sind.<\/li>\n<li>\u201eDienstleistungen\u201c: das von GECKO BV angebotene Gecko-FixFassadenmontagesystem und alle anderen gelieferten Dienstleistungen oder Produkte.<\/li>\n<li>\u201eGeistige Eigentumsrechte\u201c: alle bestehenden und zuk\u00fcnftigen geistigen und gewerblichen Eigentumsrechte, einschlie\u00dflich, aber nicht beschr\u00e4nkt auf Patente, Marken, Urheberrechte, Know-how und Gesch\u00e4ftsgeheimnisse, in Bezug auf die Produkte und Dienstleistungen von GECKO BV.<\/li>\n<\/ul>\n<p>&nbsp;<\/p>\n<p><strong>Artikel 2 \u2013 Anwendbarkeit und \u00c4nderungen<\/strong><\/p>\n<p>2.1 Diese Allgemeinen Gesch\u00e4ftsbedingungen gelten f\u00fcr alle Angebote, Bestellungen, Lieferungen und Vertr\u00e4ge von GECKO BV.<br \/>\n2.2 Abweichende oder entgegenstehende Bedingungen des Kunden gelten als nicht geschrieben und sind daher nicht anwendbar, es sei denn, sie wurden ausdr\u00fccklich und schriftlich von GECKO BV akzeptiert. Schweigen kann in keinem Fall als Annahme anderer Bedingungen ausgelegt werden.<br \/>\n2.3 GECKO BV kann diese Allgemeinen Gesch\u00e4ftsbedingungen von Zeit zu Zeit \u00e4ndern. Solche \u00c4nderungen gelten nur f\u00fcr zuk\u00fcnftige Angebote und Vertr\u00e4ge. F\u00fcr bereits laufende Vertr\u00e4ge gelten die urspr\u00fcnglichen Bedingungen, es sei denn, die \u00c4nderung ist durch zwingendes Recht vorgeschrieben oder wurde schriftlich mit dem Kunden vereinbart. Im letzteren Fall hat der Kunde, der mit der vorgeschlagenen \u00c4nderung nicht einverstanden ist, das Recht, den Vertrag innerhalb von 14 Tagen nach Bekanntgabe zu k\u00fcndigen.<br \/>\n2.4 GECKO BV kann ohne vorherige Zustimmung des Kunden Dritte mit der Ausf\u00fchrung der Dienstleistungen beauftragen. GECKO BV bleibt f\u00fcr die Qualit\u00e4t der von Dritten erbrachten Dienstleistungen verantwortlich.<\/p>\n<p>&nbsp;<\/p>\n<p><strong>Artikel 3 \u2013 Angebote und Preise<\/strong><\/p>\n<p>3.1 Unsere Angebote sind, sofern nicht ausdr\u00fccklich anders vereinbart, v\u00f6llig unverbindlich. Der Vertrag kommt erst nach unserer schriftlichen Auftragsbest\u00e4tigung zustande.<\/p>\n<p>3.2 Wir behalten uns das Recht vor, die Preise jederzeit anzupassen, wenn nach Vertragsabschluss, aber vor Lieferung unvorhergesehene Kostensteigerungen au\u00dferhalb des Einflussbereichs von GECKO BV (z. B. Rohstoffpreise, Transportkosten, neue Steuern) eintreten, die das wirtschaftliche Gleichgewicht des Vertrags st\u00f6ren. In diesem Fall ist GECKO BV berechtigt, den vereinbarten Preis angemessen zu erh\u00f6hen. GECKO BV wird den Kunden unverz\u00fcglich dar\u00fcber informieren. Betr\u00e4gt die Preiserh\u00f6hung mehr als 7 %, hat der Kunde das Recht, die Bestellung innerhalb von 5 Werktagen nach Bekanntgabe kostenlos zu stornieren, es sei denn, die Preiserh\u00f6hung ist auf vom Kunden gew\u00fcnschte \u00c4nderungen zur\u00fcckzuf\u00fchren.<\/p>\n<p>&nbsp;<\/p>\n<p><strong>Artikel 4 \u2013 Stornierung<\/strong><\/p>\n<p>4.1 Der Kunde kann eine Bestellung nur per Einschreiben (oder einer gleichwertigen elektronisch qualifizierten Mitteilung) stornieren, und zwar nur, wenn die Ausf\u00fchrung noch nicht begonnen hat und die bestellten Waren noch nicht bestellt oder in Produktion gegangen sind.<\/p>\n<p>4.2 Bei einer g\u00fcltigen Stornierung schuldet der Kunde eine pauschale Entsch\u00e4digung in H\u00f6he von 30 % des Gesamtbestellwertes, die als angemessene Sch\u00e4tzung des uns entstandenen Schadens (u. a. aufgrund entgangenen Gewinns und entstandener Kosten) angesehen wird. Wenn unser tats\u00e4chlich entstandener Schaden h\u00f6her ist, behalten wir uns das Recht vor, den Mehrbetrag nachzuweisen und geltend zu machen; ist der tats\u00e4chliche Schaden geringer, sind wir nicht zur R\u00fcckzahlung (eines Teils) der pauschalen Entsch\u00e4digung verpflichtet.<\/p>\n<p>&nbsp;<\/p>\n<p><strong>Artikel 5 \u2013 Lieferung und Gefahren\u00fcbergang<\/strong><\/p>\n<p>5.1 Eine Verz\u00f6gerung der Lieferung berechtigt den Kunden nicht zu Schadenersatz oder R\u00fccktritt, es sei denn, die Frist wurde ausdr\u00fccklich als verbindlich garantiert oder die Verz\u00f6gerung ist so gro\u00df, dass vom Kunden vern\u00fcnftigerweise nicht erwartet werden kann, den Vertrag aufrechtzuerhalten.<\/p>\n<p>5.2 Die Lieferung erfolgt:<\/p>\n<p>Bei Transport durch uns oder in unserem Auftrag: am vereinbarten Lieferort. Bei Abholung durch den Kunden: zum Zeitpunkt der \u00dcbernahme in unserem Lager. 5.3 Ab dem Zeitpunkt der Lieferung gehen alle Kosten und Risiken, einschlie\u00dflich Verlust oder Besch\u00e4digung, vollst\u00e4ndig zu Lasten des Kunden. Ist die Lieferung aus Gr\u00fcnden, die wir nicht zu vertreten haben (z. B. weil der Kunde nicht anwesend ist oder der Standort nicht erreichbar ist), nicht m\u00f6glich, sind wir berechtigt, die Ware auf Kosten und Gefahr des Kunden einzulagern.<\/p>\n<p>&nbsp;<\/p>\n<p><strong>Lieferbedingungen<\/strong><\/p>\n<p>5.4 Maximale Entladezeit: 15 Minuten. Jede angefangene weitere 15 Minuten werden mit 15 \u20ac pro 15 Minuten berechnet.<\/p>\n<p>5.5 Franco-Lieferung: m\u00f6glich beim Kauf von sechs (6) vollen Paletten Fassadenankern, sofern jede Palette einen einheitlichen Typ enth\u00e4lt (keine Vermischung von Typen auf einer Palette), in Kombination mit dem dazugeh\u00f6rigen Montagezubeh\u00f6r. (FrancoLieferung nur g\u00fcltig f\u00fcr BENELUX)<\/p>\n<p>5.6 Wenn die Waren nicht geliefert werden k\u00f6nnen, wird eine neue Lieferung zu den gleichen Transportkosten berechnet, wie urspr\u00fcnglich auf dem Bestellschein, dem Angebot und\/oder der Rechnung angegeben. Wenn der Transport frei Haus angeboten wurde, wird eine zweite Lieferung zum Standardtransportpreis berechnet.<\/p>\n<p>5.7 Der Kunde hat die gelieferten Waren unverz\u00fcglich nach Lieferung auf sichtbare M\u00e4ngel, Fehlmengen oder Nicht\u00fcbereinstimmung mit der Bestellung zu \u00fcberpr\u00fcfen. Eventuelle diesbez\u00fcgliche Beanstandungen sind unter Androhung des Verfalls innerhalb von f\u00fcnf [5] Kalendertagen nach Lieferung schriftlich und begr\u00fcndet an GECKO BV zu melden. Andernfalls gelten die Waren als angenommen und als konform geliefert. 5.8 Die gelieferten Waren bleiben bis zum Tag der vollst\u00e4ndigen Bezahlung des Hauptbetrags, der Kosten und Zinsen das ausschlie\u00dfliche Eigentum von GECKO BV. Solange das Eigentum nicht \u00fcbergegangen ist, darf der Kunde die Waren nicht weiterverkaufen, verarbeiten, verpf\u00e4nden oder in irgendeiner Weise belasten. Bei Nichtzahlung behalten wir uns das Recht vor, die Waren auf erstes Anfordern zur\u00fcckzunehmen, unabh\u00e4ngig davon, wo sie sich befinden. Alle Risiken gehen jedoch ab Lieferung auf den Kunden \u00fcber, wie in Artikel 5.3 vorgesehen.<\/p>\n<p>&nbsp;<\/p>\n<p><strong>Artikel 6 \u2013 Lagerung von Waren<\/strong><\/p>\n<p>6.1 Die Lagerung ist gegen Vorauszahlung von 50 % des Warenwertes m\u00f6glich.<\/p>\n<p>6.2 Nach vier (4) Wochen Lagerung sind die restlichen 50 % zu begleichen. Wenn der Kunde die Zahlung nicht rechtzeitig leistet, gilt dies als Nichterf\u00fcllung (Zahlungsausfall), woraufhin gem\u00e4\u00df Artikel 8 Sanktionen verh\u00e4ngt werden.<\/p>\n<p>6.3 Wenn die Lagerung sechs (6) Wochen \u00fcberschreitet, wird eine zus\u00e4tzliche Geb\u00fchr von 15 \u20ac pro Palette und Woche berechnet. 6.4 Wenn der Kunde die Waren 6 Monate nach Beginn der Bestellung noch nicht abgeholt oder liefern lassen hat, ist GECKO BV berechtigt, den Vertrag von Rechts wegen als gek\u00fcndigt zu betrachten. In diesem Fall bleiben die bereits gezahlten Betr\u00e4ge zur Deckung der Kosten und Sch\u00e4den einbehalten, und Artikel 4.2 gilt entsprechend f\u00fcr etwaige unbezahlte Restbetr\u00e4ge.<\/p>\n<p>6.5 Wir treffen bei der Lagerung alle angemessenen Vorkehrungen, jedoch erfolgt die Lagerung im \u00dcbrigen auf Risiko des Kunden (gem\u00e4\u00df Artikel 5.3). Unsere Haftung f\u00fcr Besch\u00e4digungen oder Verluste w\u00e4hrend der Lagerung ist gem\u00e4\u00df Artikel 7.3 beschr\u00e4nkt.<\/p>\n<p>&nbsp;<\/p>\n<p><strong>Artikel 7 \u2013 Garantie und Haftung<\/strong><\/p>\n<p>7.1 Garantiebestimmungen f\u00fcr gewerbliche Kunden<\/p>\n<ul>\n<li>Es gelten ausschlie\u00dflich die gesetzlichen Bestimmungen \u00fcber versteckte M\u00e4ngel (Artikel 1641-1649 des belgischen B\u00fcrgerlichen Gesetzbuches).<\/li>\n<li>GECKO BV gew\u00e4hrt eine kommerzielle Garantie von 10 Jahren unter der Voraussetzung, dass das Gecko-fixFassadenmontagesystem vollst\u00e4ndig gem\u00e4\u00df den Anweisungen von GECKO BV installiert wird.<\/li>\n<li>Die Garantie umfasst unter anderem den Schutz vor sich l\u00f6senden Fassadenelementen, sofern diese mit den von GECKO BV gelieferten Materialien montiert wurden.<\/li>\n<li>Sich l\u00f6sende Fassadenverkleidungen und eventuelle Folgesch\u00e4den gehen stets zu Lasten des Installateurs.<\/li>\n<li>Produktm\u00e4ngel m\u00fcssen bei Lieferung festgestellt werden, solche M\u00e4ngel und\/oder andere sichtbare Produktionsfehler m\u00fcssen innerhalb von 5 Werktagen nach Lieferdatum schriftlich gemeldet werden.<\/li>\n<li>Die Inanspruchnahme der Garantie muss schriftlich und begr\u00fcndet innerhalb von 7 Tagen nach Feststellung des Mangels erfolgen. GECKO BV wird den Mangel untersuchen und bei Berechtigung der Reklamation die mangelhaften Materialien nach eigenem Ermessen kostenlos reparieren oder ersetzen.<\/li>\n<\/ul>\n<p>7.2 Garantiebestimmungen f\u00fcr Verbraucher &#8211; Verbraucher haben Anspruch auf die gesetzliche Gew\u00e4hrleistung gem\u00e4\u00df den belgischen Rechtsvorschriften (Artikel 1649bis-1649octies des belgischen B\u00fcrgerlichen Gesetzbuches).<\/p>\n<ul>\n<li>Bei internationalen Verk\u00e4ufen gelten die einschl\u00e4gigen Verbraucherschutzvorschriften des jeweiligen Landes.<\/li>\n<li>Die Inanspruchnahme der Garantie muss schriftlich und begr\u00fcndet innerhalb von 14 Tagen nach Feststellung des Mangels erfolgen. GECKO BV wird den Mangel untersuchen und bei Berechtigung der Reklamation die mangelhaften Materialien nach eigenem Ermessen kostenlos reparieren oder ersetzen.<\/li>\n<li>Eventuelle kommerzielle Garantieangebote lassen die gesetzlichen Verbraucherrechte unber\u00fchrt. 7.3 Haftung<\/li>\n<li>GECKO BV haftet nicht f\u00fcr indirekte Sch\u00e4den wie Gewinn- oder Kundenverluste.<\/li>\n<li>Die Haftung ist auf den Rechnungsbetrag der betreffenden Dienstleistungen beschr\u00e4nkt.<\/li>\n<li>GECKO BV kann nur f\u00fcr grobe Fahrl\u00e4ssigkeit oder Vorsatz haftbar gemacht werden, sofern der Kunde den Kausalzusammenhang mit dem entstandenen Schaden nachweist.<\/li>\n<li>GECKO BV schlie\u00dft ihre Haftung f\u00fcr vors\u00e4tzliches Verschulden oder grobe Fahrl\u00e4ssigkeit ihrerseits oder seitens ihrer Beauftragten nicht aus, ebenso wenig wie in F\u00e4llen, in denen eine Haftung gesetzlich nicht ausgeschlossen werden kann (z. B. Produkthaftung f\u00fcr K\u00f6rperverletzungen von Verbrauchern).<\/li>\n<\/ul>\n<p>&nbsp;<\/p>\n<p><strong>Artikel 8 \u2013 Zahlungsbedingungen<\/strong><\/p>\n<p>8.1 Rechnungen sind innerhalb von 14 Tagen nach Rechnungsdatum per \u00dcberweisung zu bezahlen, sofern nichts anderes vereinbart wurde. (Neue B2B-Kunden m\u00fcssen bei der ersten Bestellung und\/oder bei einem Gesamtabnahmewert von mindestens 2500 Euro\/exkl. MwSt. im Voraus bezahlen). 8.1.1 F\u00fcr Privatkunden sind alle Rechnungen vor Lieferung in bar zu bezahlen.<\/p>\n<p>8.2 Bei Nichtzahlung zum F\u00e4lligkeitstermin:<\/p>\n<ul>\n<li>&#8211; Es werden Verzugszinsen gem\u00e4\u00df dem Gesetz vom 2. August 2002 berechnet.<\/li>\n<li>&#8211; Der Schuldsaldo wird von Rechts wegen um 11,5 % erh\u00f6ht, mindestens jedoch um 175 \u20ac und h\u00f6chstens um 3.000 \u20ac als pauschale Entsch\u00e4digung.<\/li>\n<\/ul>\n<p>Alle offenen Rechnungen werden sofort f\u00e4llig.<\/p>\n<p>&nbsp;<\/p>\n<p><strong>Artikel 9 \u2013 Geistiges Eigentum<\/strong><\/p>\n<p>9.1 Von GECKO BV zur Verf\u00fcgung gestellte Dokumente, Schemata, Pl\u00e4ne, Angebote usw., die geistiges Eigentum enthalten, bleiben jederzeit Eigentum von GECKO BV und sind auf Verlangen zur\u00fcckzugeben. Sie d\u00fcrfen ohne unsere Zustimmung nicht an Dritte weitergegeben werden.<\/p>\n<p>9.2 Der Kunde gew\u00e4hrt GECKO BV das Recht, seinen Namen und sein Logo zu Referenzzwecken auf der Website und in Marketingmaterialien von GECKO BV zu verwenden, sofern er dem nicht schriftlich widerspricht.<\/p>\n<p>9.3 Der Kunde darf die Produkte oder Technologien von GECKO BV ohne schriftliche Genehmigung nicht reproduzieren, kopieren, ver\u00e4ndern oder verbreiten.<\/p>\n<p>&nbsp;<\/p>\n<p><strong>Artikel 10 \u2013 H\u00f6here Gewalt<\/strong><\/p>\n<p>Im Falle h\u00f6herer Gewalt (wie Krieg, Streik, Naturkatastrophen, Versorgungsprobleme, Pandemien usw.) wird die Ausf\u00fchrung des Vertrags ausgesetzt oder, falls erforderlich, ohne Schadenersatz beendet.<\/p>\n<p>&nbsp;<\/p>\n<p><strong>Artikel 11 \u2013 Datenschutz und DSGVO<\/strong><\/p>\n<p>11.1 GECKO BV verarbeitet die personenbezogenen Daten der Ansprechpartner seiner Kunden f\u00fcr legitime Gesch\u00e4ftszwecke: n\u00e4mlich f\u00fcr die Kundenverwaltung, die Erf\u00fcllung von Vertr\u00e4gen (Lieferungen, Dienstleistungen, Rechnungsstellung) und um Kunden \u00fcber seine Produkte und Dienstleistungen zu informieren. Die Rechtsgrundlage f\u00fcr diese Verarbeitungen ist in erster Linie die Notwendigkeit der Erf\u00fcllung des Vertrags mit dem Kunden oder das berechtigte Interesse von GECKO BV an der Pflege und dem Ausbau ihrer Kundenbeziehungen.<\/p>\n<p>11.2 GECKO BV behandelt personenbezogene Daten vertraulich und in \u00dcbereinstimmung mit der DSGVO. Personenbezogene Daten k\u00f6nnen an Verarbeiter oder verbundene Unternehmen von GECKO BV weitergegeben werden, soweit dies f\u00fcr die genannten Zwecke erforderlich ist (z. B. an ein Transportunternehmen f\u00fcr die Lieferung oder an ein Schwesterunternehmen f\u00fcr ein gemeinsames Angebot). F\u00fcr Direktmarketing durch verbundene Unternehmen wird GECKO BV, sofern gesetzlich erforderlich, zuvor die Zustimmung der betroffenen Person einholen. Die betroffene Person hat jederzeit das Recht, sich kostenlos gegen Direktmarketing zu entscheiden: Jede kommerzielle E-Mail enth\u00e4lt eine Abmeldem\u00f6glichkeit, und Sie k\u00f6nnen jederzeit unter info@gecko-fix.com Widerspruch einlegen.<\/p>\n<p>&nbsp;<\/p>\n<p><strong>Artikel 12 \u2013 Anwendbares Recht und zust\u00e4ndiges Gericht<\/strong><\/p>\n<p>12.1 Diese Allgemeinen Gesch\u00e4ftsbedingungen und alle Vertr\u00e4ge mit GECKO BV unterliegen ausschlie\u00dflich belgischem Recht.<\/p>\n<p>12.2 F\u00fcr Streitigkeiten sind ausschlie\u00dflich die Gerichte des Gerichtsbezirks Leuven zust\u00e4ndig.<\/p>\n<p>&nbsp;<\/p>\n<p><strong>Artikel 13 \u2013 Schlussbestimmungen<\/strong><\/p>\n<p>13.1 Sollte eine Bestimmung dieser Bedingungen f\u00fcr ung\u00fcltig oder undurchf\u00fchrbar erkl\u00e4rt werden, bleiben die \u00fcbrigen Bestimmungen davon unber\u00fchrt.<\/p>\n<p>13.2 <a href=\"https:\/\/gecko-fix.com\/algemene-voorwaarden\/\">Die niederl\u00e4ndische Fassung der Allgemeinen Gesch\u00e4ftsbedingungen<\/a> hat stets Vorrang vor einer fremdsprachigen Fassung.personne physique ou morale qui passe une commande ou conclut un contrat avec GECKO BV[\/vc_column_text][vc_raw_html css=&#8220;.vc_custom_1748346786080{margin-top: 25px !important;}&#8220;]JTNDYSUyMGhyZWYlM0QlMjIlMkZ3cC1jb250ZW50JTJGdXBsb2FkcyUyRjIwMjUlMkYwNSUyRmdlY2tvLWZpeC1hbGxnZW1laW5lLWdlc2NoYWZ0c2JlZGluZ3VuZ2VuLWRlLnBkZiUyMiUzRSUzQ2J1dHRvbiUyMGNsYXNzJTNEJTIyY29tbW9uLWJ0biUyMiUzRUFscyUyMFBERiUyMGhlcnVudGVybGFkZW4lM0MlMkZidXR0b24lM0UlM0MlMkZhJTNFJTIw[\/vc_raw_html][vc_empty_space height=&#8220;80&#8243;][\/vc_column][\/vc_row]<\/p>\n<\/div>","protected":false},"excerpt":{"rendered":"<p>[vc_row css_animation=&#8220;&#8220; row_type=&#8220;row&#8220; use_row_as_full_screen_section=&#8220;no&#8220; type=&#8220;full_width&#8220; angled_section=&#8220;no&#8220; text_align=&#8220;left&#8220; background_image_as_pattern=&#8220;without_pattern&#8220; css=&#8220;.vc_custom_1748346611805{margin-top: 85px !important;margin-bottom: 65px !important;}&#8220; z_index=&#8220;&#8220;][vc_column][vc_column_text css=&#8220;&#8220;] Allgemeine gesch\u00e4ftsbedingungen &nbsp; Artikel 1 \u2013 Definitionen \u201eGECKO BV\u201c: die Gesellschaft mit beschr\u00e4nkter Haftung mit Sitz in Ernest Claesstraat 153\/B, 3271 Averbode, eingetragen im Unternehmensregister unter der Nummer 0746.961.960, im&#8230;<\/p>\n","protected":false},"author":138,"featured_media":0,"parent":0,"menu_order":0,"comment_status":"closed","ping_status":"closed","template":"","meta":{"_acf_changed":false,"footnotes":""},"class_list":["post-11711","page","type-page","status-publish","hentry"],"acf":[],"yoast_head":"<!-- This site is optimized with the Yoast SEO plugin v27.0 - https:\/\/yoast.com\/product\/yoast-seo-wordpress\/ -->\n<title>Allgemeine gesch\u00e4ftsbedingungen - Gecko Fix<\/title>\n<meta name=\"robots\" content=\"index, follow, max-snippet:-1, max-image-preview:large, max-video-preview:-1\" \/>\n<link rel=\"canonical\" href=\"https:\/\/gecko-fix.com\/de\/allgemeine-geschaeftsbedingungen\/\" \/>\n<meta property=\"og:locale\" content=\"de_DE\" \/>\n<meta property=\"og:type\" content=\"article\" \/>\n<meta property=\"og:title\" content=\"Allgemeine gesch\u00e4ftsbedingungen - Gecko Fix\" \/>\n<meta property=\"og:description\" content=\"[vc_row css_animation=&#8220;&#8220; row_type=&#8220;row&#8220; use_row_as_full_screen_section=&#8220;no&#8220; type=&#8220;full_width&#8220; angled_section=&#8220;no&#8220; text_align=&#8220;left&#8220; background_image_as_pattern=&#8220;without_pattern&#8220; css=&#8220;.vc_custom_1748346611805{margin-top: 85px !important;margin-bottom: 65px !important;}&#8220; z_index=&#8220;&#8220;][vc_column][vc_column_text css=&#8220;&#8220;] Allgemeine gesch\u00e4ftsbedingungen &nbsp; Artikel 1 \u2013 Definitionen \u201eGECKO BV\u201c: die Gesellschaft mit beschr\u00e4nkter Haftung mit Sitz in Ernest Claesstraat 153\/B, 3271 Averbode, eingetragen im Unternehmensregister unter der Nummer 0746.961.960, im...\" \/>\n<meta property=\"og:url\" content=\"https:\/\/gecko-fix.com\/de\/allgemeine-geschaeftsbedingungen\/\" \/>\n<meta property=\"og:site_name\" content=\"Gecko Fix\" \/>\n<meta property=\"article:modified_time\" content=\"2025-05-27T11:53:07+00:00\" \/>\n<meta name=\"twitter:card\" content=\"summary_large_image\" \/>\n<meta name=\"twitter:label1\" content=\"Gesch\u00e4tzte Lesezeit\" \/>\n\t<meta name=\"twitter:data1\" content=\"9\u00a0Minuten\" \/>\n<script type=\"application\/ld+json\" class=\"yoast-schema-graph\">{\"@context\":\"https:\/\/schema.org\",\"@graph\":[{\"@type\":\"WebPage\",\"@id\":\"https:\/\/gecko-fix.com\/de\/allgemeine-geschaeftsbedingungen\/\",\"url\":\"https:\/\/gecko-fix.com\/de\/allgemeine-geschaeftsbedingungen\/\",\"name\":\"Allgemeine gesch\u00e4ftsbedingungen - Gecko Fix\",\"isPartOf\":{\"@id\":\"https:\/\/gecko-fix.com\/#website\"},\"datePublished\":\"2025-05-27T08:18:16+00:00\",\"dateModified\":\"2025-05-27T11:53:07+00:00\",\"breadcrumb\":{\"@id\":\"https:\/\/gecko-fix.com\/de\/allgemeine-geschaeftsbedingungen\/#breadcrumb\"},\"inLanguage\":\"de\",\"potentialAction\":[{\"@type\":\"ReadAction\",\"target\":[\"https:\/\/gecko-fix.com\/de\/allgemeine-geschaeftsbedingungen\/\"]}]},{\"@type\":\"BreadcrumbList\",\"@id\":\"https:\/\/gecko-fix.com\/de\/allgemeine-geschaeftsbedingungen\/#breadcrumb\",\"itemListElement\":[{\"@type\":\"ListItem\",\"position\":1,\"name\":\"Home\",\"item\":\"https:\/\/gecko-fix.com\/de\/\"},{\"@type\":\"ListItem\",\"position\":2,\"name\":\"Allgemeine gesch\u00e4ftsbedingungen\"}]},{\"@type\":\"WebSite\",\"@id\":\"https:\/\/gecko-fix.com\/#website\",\"url\":\"https:\/\/gecko-fix.com\/\",\"name\":\"Gecko Fix\",\"description\":\"Duurzame gevelbekleding voor nieuwbouw en renovatie\",\"potentialAction\":[{\"@type\":\"SearchAction\",\"target\":{\"@type\":\"EntryPoint\",\"urlTemplate\":\"https:\/\/gecko-fix.com\/?s={search_term_string}\"},\"query-input\":{\"@type\":\"PropertyValueSpecification\",\"valueRequired\":true,\"valueName\":\"search_term_string\"}}],\"inLanguage\":\"de\"}]}<\/script>\n<!-- \/ Yoast SEO plugin. -->","yoast_head_json":{"title":"Allgemeine gesch\u00e4ftsbedingungen - Gecko Fix","robots":{"index":"index","follow":"follow","max-snippet":"max-snippet:-1","max-image-preview":"max-image-preview:large","max-video-preview":"max-video-preview:-1"},"canonical":"https:\/\/gecko-fix.com\/de\/allgemeine-geschaeftsbedingungen\/","og_locale":"de_DE","og_type":"article","og_title":"Allgemeine gesch\u00e4ftsbedingungen - Gecko Fix","og_description":"[vc_row css_animation=&#8220;&#8220; row_type=&#8220;row&#8220; use_row_as_full_screen_section=&#8220;no&#8220; type=&#8220;full_width&#8220; angled_section=&#8220;no&#8220; text_align=&#8220;left&#8220; background_image_as_pattern=&#8220;without_pattern&#8220; css=&#8220;.vc_custom_1748346611805{margin-top: 85px !important;margin-bottom: 65px !important;}&#8220; z_index=&#8220;&#8220;][vc_column][vc_column_text css=&#8220;&#8220;] Allgemeine gesch\u00e4ftsbedingungen &nbsp; Artikel 1 \u2013 Definitionen \u201eGECKO BV\u201c: die Gesellschaft mit beschr\u00e4nkter Haftung mit Sitz in Ernest Claesstraat 153\/B, 3271 Averbode, eingetragen im Unternehmensregister unter der Nummer 0746.961.960, im...","og_url":"https:\/\/gecko-fix.com\/de\/allgemeine-geschaeftsbedingungen\/","og_site_name":"Gecko Fix","article_modified_time":"2025-05-27T11:53:07+00:00","twitter_card":"summary_large_image","twitter_misc":{"Gesch\u00e4tzte Lesezeit":"9\u00a0Minuten"},"schema":{"@context":"https:\/\/schema.org","@graph":[{"@type":"WebPage","@id":"https:\/\/gecko-fix.com\/de\/allgemeine-geschaeftsbedingungen\/","url":"https:\/\/gecko-fix.com\/de\/allgemeine-geschaeftsbedingungen\/","name":"Allgemeine gesch\u00e4ftsbedingungen - Gecko Fix","isPartOf":{"@id":"https:\/\/gecko-fix.com\/#website"},"datePublished":"2025-05-27T08:18:16+00:00","dateModified":"2025-05-27T11:53:07+00:00","breadcrumb":{"@id":"https:\/\/gecko-fix.com\/de\/allgemeine-geschaeftsbedingungen\/#breadcrumb"},"inLanguage":"de","potentialAction":[{"@type":"ReadAction","target":["https:\/\/gecko-fix.com\/de\/allgemeine-geschaeftsbedingungen\/"]}]},{"@type":"BreadcrumbList","@id":"https:\/\/gecko-fix.com\/de\/allgemeine-geschaeftsbedingungen\/#breadcrumb","itemListElement":[{"@type":"ListItem","position":1,"name":"Home","item":"https:\/\/gecko-fix.com\/de\/"},{"@type":"ListItem","position":2,"name":"Allgemeine gesch\u00e4ftsbedingungen"}]},{"@type":"WebSite","@id":"https:\/\/gecko-fix.com\/#website","url":"https:\/\/gecko-fix.com\/","name":"Gecko Fix","description":"Duurzame gevelbekleding voor nieuwbouw en renovatie","potentialAction":[{"@type":"SearchAction","target":{"@type":"EntryPoint","urlTemplate":"https:\/\/gecko-fix.com\/?s={search_term_string}"},"query-input":{"@type":"PropertyValueSpecification","valueRequired":true,"valueName":"search_term_string"}}],"inLanguage":"de"}]}},"_links":{"self":[{"href":"https:\/\/gecko-fix.com\/de\/wp-json\/wp\/v2\/pages\/11711","targetHints":{"allow":["GET"]}}],"collection":[{"href":"https:\/\/gecko-fix.com\/de\/wp-json\/wp\/v2\/pages"}],"about":[{"href":"https:\/\/gecko-fix.com\/de\/wp-json\/wp\/v2\/types\/page"}],"author":[{"embeddable":true,"href":"https:\/\/gecko-fix.com\/de\/wp-json\/wp\/v2\/users\/138"}],"replies":[{"embeddable":true,"href":"https:\/\/gecko-fix.com\/de\/wp-json\/wp\/v2\/comments?post=11711"}],"version-history":[{"count":9,"href":"https:\/\/gecko-fix.com\/de\/wp-json\/wp\/v2\/pages\/11711\/revisions"}],"predecessor-version":[{"id":11786,"href":"https:\/\/gecko-fix.com\/de\/wp-json\/wp\/v2\/pages\/11711\/revisions\/11786"}],"wp:attachment":[{"href":"https:\/\/gecko-fix.com\/de\/wp-json\/wp\/v2\/media?parent=11711"}],"curies":[{"name":"wp","href":"https:\/\/api.w.org\/{rel}","templated":true}]}}