{"id":2006,"date":"2021-05-06T11:01:55","date_gmt":"2021-05-06T11:01:55","guid":{"rendered":"https:\/\/gecko-fix.com\/nieuws\/"},"modified":"2021-05-07T09:15:15","modified_gmt":"2021-05-07T09:15:15","slug":"nouvelles","status":"publish","type":"page","link":"https:\/\/gecko-fix.com\/fr\/nouvelles\/","title":{"rendered":"Nouvelles"},"content":{"rendered":"<div class=\"wpb-content-wrapper\"><p>[vc_row css_animation=\u00a0\u00bb\u00a0\u00bb row_type=\u00a0\u00bbrow\u00a0\u00bb use_row_as_full_screen_section=\u00a0\u00bbno\u00a0\u00bb type=\u00a0\u00bbgrid\u00a0\u00bb angled_section=\u00a0\u00bbno\u00a0\u00bb text_align=\u00a0\u00bbleft\u00a0\u00bb background_image_as_pattern=\u00a0\u00bbwithout_pattern\u00a0\u00bb css=\u00a0\u00bb.vc_custom_1576163640835{background-color: #c8d400 !important;}\u00a0\u00bb z_index=\u00a0\u00bb\u00a0\u00bb][vc_column][vc_empty_space height=\u00a0\u00bb50px\u00a0\u00bb][vc_column_text]<\/p>\n<h1 class=\"subpage-title\">Nouvelles<\/h1>\n<p>[\/vc_column_text][vc_empty_space height=\u00a0\u00bb40px\u00a0\u00bb][vc_row_inner row_type=\u00a0\u00bbrow\u00a0\u00bb type=\u00a0\u00bbfull_width\u00a0\u00bb text_align=\u00a0\u00bbleft\u00a0\u00bb css_animation=\u00a0\u00bb\u00a0\u00bb][vc_column_inner][vc_column_text]Soyez les premiers \u00e0 \u00eatre inform\u00e9s de toutes les derni\u00e8res nouvelles de Gecko\u00ae.[\/vc_column_text][\/vc_column_inner][\/vc_row_inner][vc_empty_space height=\u00a0\u00bb40px\u00a0\u00bb][\/vc_column][\/vc_row][vc_row css_animation=\u00a0\u00bb\u00a0\u00bb row_type=\u00a0\u00bbrow\u00a0\u00bb use_row_as_full_screen_section=\u00a0\u00bbno\u00a0\u00bb type=\u00a0\u00bbgrid\u00a0\u00bb angled_section=\u00a0\u00bbno\u00a0\u00bb text_align=\u00a0\u00bbleft\u00a0\u00bb background_image_as_pattern=\u00a0\u00bbwithout_pattern\u00a0\u00bb z_index=\u00a0\u00bb\u00a0\u00bb][vc_column][vc_empty_space height=\u00a0\u00bb40px\u00a0\u00bb][\/vc_column][\/vc_row][vc_row css_animation=\u00a0\u00bb\u00a0\u00bb row_type=\u00a0\u00bbrow\u00a0\u00bb use_row_as_full_screen_section=\u00a0\u00bbno\u00a0\u00bb type=\u00a0\u00bbgrid\u00a0\u00bb angled_section=\u00a0\u00bbno\u00a0\u00bb text_align=\u00a0\u00bbleft\u00a0\u00bb background_image_as_pattern=\u00a0\u00bbwithout_pattern\u00a0\u00bb z_index=\u00a0\u00bb\u00a0\u00bb][vc_column]<div class='q_masonry_blog'><div class=\"q_masonry_blog_grid_sizer\"><\/div><div class=\"q_masonry_blog_grid_gutter\"><\/div><article class=\"post-2012 post type-post status-publish format-standard has-post-thumbnail hentry category-nieuws-fr category-nouvelles\"><div class=\"q_masonry_blog_post_image\"><a itemprop=\"url\" href=\"https:\/\/gecko-fix.com\/fr\/premiere-nouvelle\/\" target=\"_self\"><img decoding=\"async\" itemprop=\"image\" src=\"https:\/\/gecko-fix.com\/wp-content\/uploads\/2019\/12\/71520098_129392408450312_3612540895821299712_o.jpg\" alt=\"\" \/><\/a><\/div><div class=\"q_masonry_blog_post_text\"><h5 itemprop=\"name\" class=\"q_masonry_blog_title entry_title\"><a itemprop=\"url\" href=\"https:\/\/gecko-fix.com\/fr\/premiere-nouvelle\/\">Bienvenue dans l&rsquo;aper\u00e7u des actualit\u00e9s de Gecko<\/a><\/h5><p itemprop=\"description\" class=\"q_masonry_blog_excerpt\">\u00c0 partir de maintenant, vous recevrez toutes les derni\u00e8res nouvelles de Gecko. R\u00e9alisations, projets, informations d\u00e9taill\u00e9es sur les bardages......<\/p><div class=\"q_masonry_blog_post_info\"><span itemprop=\"dateCreated\" class=\"time entry_date updated\">06 mai, 2021<meta itemprop=\"interactionCount\" content=\"UserComments:0\"\/><\/span><\/div><\/div><\/article><\/div>[\/vc_column][\/vc_row][vc_row css_animation=\u00a0\u00bb\u00a0\u00bb row_type=\u00a0\u00bbrow\u00a0\u00bb use_row_as_full_screen_section=\u00a0\u00bbno\u00a0\u00bb type=\u00a0\u00bbgrid\u00a0\u00bb angled_section=\u00a0\u00bbno\u00a0\u00bb text_align=\u00a0\u00bbleft\u00a0\u00bb background_image_as_pattern=\u00a0\u00bbwithout_pattern\u00a0\u00bb z_index=\u00a0\u00bb\u00a0\u00bb][vc_column][vc_empty_space height=\u00a0\u00bb80px\u00a0\u00bb][\/vc_column][\/vc_row]<\/p>\n<\/div>","protected":false},"excerpt":{"rendered":"<p>[vc_row css_animation=\u00a0\u00bb\u00a0\u00bb row_type=\u00a0\u00bbrow\u00a0\u00bb use_row_as_full_screen_section=\u00a0\u00bbno\u00a0\u00bb type=\u00a0\u00bbgrid\u00a0\u00bb angled_section=\u00a0\u00bbno\u00a0\u00bb text_align=\u00a0\u00bbleft\u00a0\u00bb background_image_as_pattern=\u00a0\u00bbwithout_pattern\u00a0\u00bb css=\u00a0\u00bb.vc_custom_1576163640835{background-color: #c8d400 !important;}\u00a0\u00bb z_index=\u00a0\u00bb\u00a0\u00bb][vc_column][vc_empty_space height=\u00a0\u00bb50px\u00a0\u00bb][vc_column_text] Nouvelles [\/vc_column_text][vc_empty_space height=\u00a0\u00bb40px\u00a0\u00bb][vc_row_inner row_type=\u00a0\u00bbrow\u00a0\u00bb type=\u00a0\u00bbfull_width\u00a0\u00bb text_align=\u00a0\u00bbleft\u00a0\u00bb css_animation=\u00a0\u00bb\u00a0\u00bb][vc_column_inner][vc_column_text]Soyez les premiers \u00e0 \u00eatre inform\u00e9s de toutes les derni\u00e8res nouvelles de Gecko\u00ae.[\/vc_column_text][\/vc_column_inner][\/vc_row_inner][vc_empty_space height=\u00a0\u00bb40px\u00a0\u00bb][\/vc_column][\/vc_row][vc_row css_animation=\u00a0\u00bb\u00a0\u00bb row_type=\u00a0\u00bbrow\u00a0\u00bb use_row_as_full_screen_section=\u00a0\u00bbno\u00a0\u00bb type=\u00a0\u00bbgrid\u00a0\u00bb angled_section=\u00a0\u00bbno\u00a0\u00bb text_align=\u00a0\u00bbleft\u00a0\u00bb background_image_as_pattern=\u00a0\u00bbwithout_pattern\u00a0\u00bb z_index=\u00a0\u00bb\u00a0\u00bb][vc_column][vc_empty_space height=\u00a0\u00bb40px\u00a0\u00bb][\/vc_column][\/vc_row][vc_row css_animation=\u00a0\u00bb\u00a0\u00bb row_type=\u00a0\u00bbrow\u00a0\u00bb use_row_as_full_screen_section=\u00a0\u00bbno\u00a0\u00bb&#8230;<\/p>\n","protected":false},"author":6,"featured_media":0,"parent":0,"menu_order":0,"comment_status":"closed","ping_status":"closed","template":"full_width.php","meta":{"_acf_changed":false,"footnotes":""},"class_list":["post-2006","page","type-page","status-publish","hentry"],"acf":[],"yoast_head":"<!-- This site is optimized with the Yoast SEO plugin v27.0 - https:\/\/yoast.com\/product\/yoast-seo-wordpress\/ -->\n<title>Gecko syst\u00e8mes de rev\u00eatement ext\u00e9rieur - Nouvelles<\/title>\n<meta name=\"description\" content=\"D\u00e9couvrez nos projets, r\u00e9alisations et plus d&#039;informations sur le bardage fa\u00e7ade. Restez inform\u00e9 de nos derni\u00e8res nouvelles.\" \/>\n<meta name=\"robots\" content=\"index, follow, max-snippet:-1, max-image-preview:large, max-video-preview:-1\" \/>\n<link rel=\"canonical\" href=\"https:\/\/gecko-fix.com\/fr\/nouvelles\/\" \/>\n<meta property=\"og:locale\" content=\"fr_FR\" \/>\n<meta property=\"og:type\" content=\"article\" \/>\n<meta property=\"og:title\" content=\"Gecko syst\u00e8mes de rev\u00eatement ext\u00e9rieur - Nouvelles\" \/>\n<meta property=\"og:description\" content=\"D\u00e9couvrez nos projets, r\u00e9alisations et plus d&#039;informations sur le bardage fa\u00e7ade. Restez inform\u00e9 de nos derni\u00e8res nouvelles.\" \/>\n<meta property=\"og:url\" content=\"https:\/\/gecko-fix.com\/fr\/nouvelles\/\" \/>\n<meta property=\"og:site_name\" content=\"Gecko Fix\" \/>\n<meta property=\"article:modified_time\" content=\"2021-05-07T09:15:15+00:00\" \/>\n<meta name=\"twitter:card\" content=\"summary_large_image\" \/>\n<meta name=\"twitter:label1\" content=\"Dur\u00e9e de lecture estim\u00e9e\" \/>\n\t<meta name=\"twitter:data1\" content=\"1 minute\" \/>\n<script type=\"application\/ld+json\" class=\"yoast-schema-graph\">{\"@context\":\"https:\/\/schema.org\",\"@graph\":[{\"@type\":\"WebPage\",\"@id\":\"https:\/\/gecko-fix.com\/fr\/nouvelles\/\",\"url\":\"https:\/\/gecko-fix.com\/fr\/nouvelles\/\",\"name\":\"Gecko syst\u00e8mes de rev\u00eatement ext\u00e9rieur - Nouvelles\",\"isPartOf\":{\"@id\":\"https:\/\/gecko-fix.com\/#website\"},\"datePublished\":\"2021-05-06T11:01:55+00:00\",\"dateModified\":\"2021-05-07T09:15:15+00:00\",\"description\":\"D\u00e9couvrez nos projets, r\u00e9alisations et plus d'informations sur le bardage fa\u00e7ade. Restez inform\u00e9 de nos derni\u00e8res nouvelles.\",\"breadcrumb\":{\"@id\":\"https:\/\/gecko-fix.com\/fr\/nouvelles\/#breadcrumb\"},\"inLanguage\":\"fr-FR\",\"potentialAction\":[{\"@type\":\"ReadAction\",\"target\":[\"https:\/\/gecko-fix.com\/fr\/nouvelles\/\"]}]},{\"@type\":\"BreadcrumbList\",\"@id\":\"https:\/\/gecko-fix.com\/fr\/nouvelles\/#breadcrumb\",\"itemListElement\":[{\"@type\":\"ListItem\",\"position\":1,\"name\":\"Home\",\"item\":\"https:\/\/gecko-fix.com\/fr\/\"},{\"@type\":\"ListItem\",\"position\":2,\"name\":\"Nouvelles\"}]},{\"@type\":\"WebSite\",\"@id\":\"https:\/\/gecko-fix.com\/#website\",\"url\":\"https:\/\/gecko-fix.com\/\",\"name\":\"Gecko Fix\",\"description\":\"Duurzame gevelbekleding voor nieuwbouw en renovatie\",\"potentialAction\":[{\"@type\":\"SearchAction\",\"target\":{\"@type\":\"EntryPoint\",\"urlTemplate\":\"https:\/\/gecko-fix.com\/?s={search_term_string}\"},\"query-input\":{\"@type\":\"PropertyValueSpecification\",\"valueRequired\":true,\"valueName\":\"search_term_string\"}}],\"inLanguage\":\"fr-FR\"}]}<\/script>\n<!-- \/ Yoast SEO plugin. -->","yoast_head_json":{"title":"Gecko syst\u00e8mes de rev\u00eatement ext\u00e9rieur - Nouvelles","description":"D\u00e9couvrez nos projets, r\u00e9alisations et plus d'informations sur le bardage fa\u00e7ade. Restez inform\u00e9 de nos derni\u00e8res nouvelles.","robots":{"index":"index","follow":"follow","max-snippet":"max-snippet:-1","max-image-preview":"max-image-preview:large","max-video-preview":"max-video-preview:-1"},"canonical":"https:\/\/gecko-fix.com\/fr\/nouvelles\/","og_locale":"fr_FR","og_type":"article","og_title":"Gecko syst\u00e8mes de rev\u00eatement ext\u00e9rieur - Nouvelles","og_description":"D\u00e9couvrez nos projets, r\u00e9alisations et plus d'informations sur le bardage fa\u00e7ade. Restez inform\u00e9 de nos derni\u00e8res nouvelles.","og_url":"https:\/\/gecko-fix.com\/fr\/nouvelles\/","og_site_name":"Gecko Fix","article_modified_time":"2021-05-07T09:15:15+00:00","twitter_card":"summary_large_image","twitter_misc":{"Dur\u00e9e de lecture estim\u00e9e":"1 minute"},"schema":{"@context":"https:\/\/schema.org","@graph":[{"@type":"WebPage","@id":"https:\/\/gecko-fix.com\/fr\/nouvelles\/","url":"https:\/\/gecko-fix.com\/fr\/nouvelles\/","name":"Gecko syst\u00e8mes de rev\u00eatement ext\u00e9rieur - Nouvelles","isPartOf":{"@id":"https:\/\/gecko-fix.com\/#website"},"datePublished":"2021-05-06T11:01:55+00:00","dateModified":"2021-05-07T09:15:15+00:00","description":"D\u00e9couvrez nos projets, r\u00e9alisations et plus d'informations sur le bardage fa\u00e7ade. Restez inform\u00e9 de nos derni\u00e8res nouvelles.","breadcrumb":{"@id":"https:\/\/gecko-fix.com\/fr\/nouvelles\/#breadcrumb"},"inLanguage":"fr-FR","potentialAction":[{"@type":"ReadAction","target":["https:\/\/gecko-fix.com\/fr\/nouvelles\/"]}]},{"@type":"BreadcrumbList","@id":"https:\/\/gecko-fix.com\/fr\/nouvelles\/#breadcrumb","itemListElement":[{"@type":"ListItem","position":1,"name":"Home","item":"https:\/\/gecko-fix.com\/fr\/"},{"@type":"ListItem","position":2,"name":"Nouvelles"}]},{"@type":"WebSite","@id":"https:\/\/gecko-fix.com\/#website","url":"https:\/\/gecko-fix.com\/","name":"Gecko Fix","description":"Duurzame gevelbekleding voor nieuwbouw en renovatie","potentialAction":[{"@type":"SearchAction","target":{"@type":"EntryPoint","urlTemplate":"https:\/\/gecko-fix.com\/?s={search_term_string}"},"query-input":{"@type":"PropertyValueSpecification","valueRequired":true,"valueName":"search_term_string"}}],"inLanguage":"fr-FR"}]}},"_links":{"self":[{"href":"https:\/\/gecko-fix.com\/fr\/wp-json\/wp\/v2\/pages\/2006","targetHints":{"allow":["GET"]}}],"collection":[{"href":"https:\/\/gecko-fix.com\/fr\/wp-json\/wp\/v2\/pages"}],"about":[{"href":"https:\/\/gecko-fix.com\/fr\/wp-json\/wp\/v2\/types\/page"}],"author":[{"embeddable":true,"href":"https:\/\/gecko-fix.com\/fr\/wp-json\/wp\/v2\/users\/6"}],"replies":[{"embeddable":true,"href":"https:\/\/gecko-fix.com\/fr\/wp-json\/wp\/v2\/comments?post=2006"}],"version-history":[{"count":1,"href":"https:\/\/gecko-fix.com\/fr\/wp-json\/wp\/v2\/pages\/2006\/revisions"}],"predecessor-version":[{"id":2011,"href":"https:\/\/gecko-fix.com\/fr\/wp-json\/wp\/v2\/pages\/2006\/revisions\/2011"}],"wp:attachment":[{"href":"https:\/\/gecko-fix.com\/fr\/wp-json\/wp\/v2\/media?parent=2006"}],"curies":[{"name":"wp","href":"https:\/\/api.w.org\/{rel}","templated":true}]}}