{"id":4179,"date":"2021-08-06T08:33:23","date_gmt":"2021-08-06T08:33:23","guid":{"rendered":"https:\/\/gecko-fix.com\/gecko-beugel-calculator-resultaat\/"},"modified":"2022-10-25T16:04:05","modified_gmt":"2022-10-25T14:04:05","slug":"gecko-tool-resultat","status":"publish","type":"page","link":"https:\/\/gecko-fix.com\/fr\/gecko-tool-resultat\/","title":{"rendered":"Le calculateur de supports pour votre projet de fa\u00e7ade r\u00e9sultat"},"content":{"rendered":"<div class=\"wpb-content-wrapper\"><p>[vc_row css_animation=\u00a0\u00bb\u00a0\u00bb row_type=\u00a0\u00bbrow\u00a0\u00bb use_row_as_full_screen_section=\u00a0\u00bbno\u00a0\u00bb type=\u00a0\u00bbgrid\u00a0\u00bb angled_section=\u00a0\u00bbno\u00a0\u00bb text_align=\u00a0\u00bbleft\u00a0\u00bb background_image_as_pattern=\u00a0\u00bbwithout_pattern\u00a0\u00bb css=\u00a0\u00bb.vc_custom_1576163640835{background-color: #c8d400 !important;}\u00a0\u00bb z_index=\u00a0\u00bb\u00a0\u00bb][vc_column][vc_empty_space height=\u00a0\u00bb50px\u00a0\u00bb][vc_column_text]<\/p>\n<h1 class=\"subpage-title\">Le calculateur de supports pour votre projet de fa\u00e7ade<\/h1>\n<p>[\/vc_column_text][vc_empty_space height=\u00a0\u00bb40px\u00a0\u00bb][vc_row_inner row_type=\u00a0\u00bbrow\u00a0\u00bb type=\u00a0\u00bbfull_width\u00a0\u00bb text_align=\u00a0\u00bbleft\u00a0\u00bb css_animation=\u00a0\u00bb\u00a0\u00bb][vc_column_inner][vc_column_text]<\/p>\n<div class=\"vc_row wpb_row section vc_row-fluid vc_inner \">\n<div class=\" full_section_inner clearfix\">\n<div class=\"wpb_column vc_column_container vc_col-sm-12\">\n<div class=\"vc_column-inner\">\n<div class=\"wpb_wrapper\">\n<div class=\"wpb_text_column wpb_content_element \">\n<div class=\"wpb_wrapper\">\n<p>Avec notre calculateur de supports, n\u2019importe qui, particulier ou professionnel, peut calculer le nombre de fixations Gecko n\u00e9cessaires en fonction de son projet de fa\u00e7ade. Veuillez\u00a0 remplir ci-dessous les donn\u00e9es requises en fonction des sp\u00e9cifications techniques du bardage choisi. Une fois que vous aurez rempli tous les champs, vous pourrez acc\u00e9der au r\u00e9sultat du calcul.<\/p>\n<p>&nbsp;<\/p>\n<p>Avez-vous encore une question sur le calculateur de supports Gecko ? Contactez-nous et nous serons nous ferons un plaisir de vous aider.<\/p>\n<\/div>\n<\/div>\n<\/div>\n<\/div>\n<\/div>\n<\/div>\n<\/div>\n<p>[\/vc_column_text][\/vc_column_inner][\/vc_row_inner][vc_empty_space height=\u00a0\u00bb20px\u00a0\u00bb][vc_raw_html]JTNDYSUyMGhyZWYlM0QlMjIlMkZmciUyRmNvbnRhY3QlMjIlM0UlM0NidXR0b24lMjBjbGFzcyUzRCUyMmNvbW1vbi1idG4lMjIlM0VDb250YWN0ZXotbm91cyUzQyUyRmJ1dHRvbiUzRSUzQyUyRmElM0U=[\/vc_raw_html][vc_empty_space height=\u00a0\u00bb40px\u00a0\u00bb][\/vc_column][\/vc_row][vc_row css_animation=\u00a0\u00bb\u00a0\u00bb row_type=\u00a0\u00bbrow\u00a0\u00bb use_row_as_full_screen_section=\u00a0\u00bbno\u00a0\u00bb type=\u00a0\u00bbgrid\u00a0\u00bb angled_section=\u00a0\u00bbno\u00a0\u00bb text_align=\u00a0\u00bbleft\u00a0\u00bb background_image_as_pattern=\u00a0\u00bbwithout_pattern\u00a0\u00bb z_index=\u00a0\u00bb\u00a0\u00bb][vc_column][vc_empty_space height=\u00a0\u00bb50px\u00a0\u00bb][\/vc_column][\/vc_row][vc_row css_animation=\u00a0\u00bb\u00a0\u00bb row_type=\u00a0\u00bbrow\u00a0\u00bb use_row_as_full_screen_section=\u00a0\u00bbno\u00a0\u00bb type=\u00a0\u00bbgrid\u00a0\u00bb angled_section=\u00a0\u00bbno\u00a0\u00bb text_align=\u00a0\u00bbleft\u00a0\u00bb background_image_as_pattern=\u00a0\u00bbwithout_pattern\u00a0\u00bb z_index=\u00a0\u00bb\u00a0\u00bb][vc_column width=\u00a0\u00bb1\/6&Prime;][\/vc_column][vc_column width=\u00a0\u00bb2\/3&Prime;][vc_column_text]<\/p>\n<h3>Consultez votre r\u00e9sultat ici<\/h3>\n<p>[\/vc_column_text][vc_empty_space height=\u00a0\u00bb30px\u00a0\u00bb][vc_raw_html]JTNDZGl2JTIwY2xhc3MlM0QlMjJyZXN1bHRhYXQlMjIlMjBpZCUzRCUyMnJlc3VsdGFhdCUyMiUzRSUwQSUyMCUyMCUyMCUyMCUzQ2RpdiUyMGNsYXNzJTNEJTIydmNfcm93JTIyJTNFJTBBJTIwJTIwJTIwJTIwJTIwJTIwJTIwJTIwJTNDcCUzRSUwQSUyMCUyMCUyMCUyMCUyMCUyMCUyMCUyMCUyMCUyMCUyMCUyMFBvaWRzJTIwZ2FyYW50aSUyRm0lQzIlQjIlM0ElMEElMjAlMjAlMjAlMjAlMjAlMjAlMjAlMjAlM0MlMkZwJTNFJTBBJTIwJTIwJTIwJTIwJTIwJTIwJTIwJTIwJTNDcCUyMGNsYXNzJTNEJTIydWl0a29tc3QlMjIlM0UlMEElMjAlMjAlMjAlMjAlMjAlMjAlMjAlMjAlMjAlMjAlMjAlMjAlM0NzcGFuJTIwaWQlM0QlMjJnZXdhYXJib3JkZ0dld2ljaHQlMjIlM0U5NiUyQzQ0JTNDJTJGc3BhbiUzRWtnJTJGbSVDMiVCMiUwQSUyMCUyMCUyMCUyMCUyMCUyMCUyMCUyMCUyMCUyMCUyMCUyMCUzQ2RpdiUyMGNsYXNzJTNEJTIyaW5mb1Rvb2x0aXAlMjIlM0UlMEElMjAlMjAlMjAlMjAlMjAlMjAlMjAlMjAlMjAlMjAlMjAlMjAlMjAlMjAlMjAlMjAlM0NpJTIwY2xhc3MlM0QlMjJmYSUyMGZhLWluZm8tY2lyY2xlJTIyJTNFJTNDJTJGaSUzRSUwQSUyMCUyMCUyMCUyMCUyMCUyMCUyMCUyMCUyMCUyMCUyMCUyMCUyMCUyMCUyMCUyMCUzQ2RpdiUyMGNsYXNzJTNEJTIydG9vbHRpcHRleHQlMjIlM0VWb3VzJTIwcG91dmV6JTIwdm9pciUyMGljaSUyMGxlJTIwcG9pZHMlMjBtYXhpbWFsJTIwcXVlJTIwdm91cyUyMHBvdXZleiUyMG1vbnRlciUyMHBhciUyMG0lQzIlQjIlMjBlbiUyMGZvbmN0aW9uJTIwZGVzJTIwcGFyYW0lQzMlQTh0cmVzJTIwY2ktZGVzc3VzLiUzQyUyRmRpdiUzRSUwQSUyMCUyMCUyMCUyMCUyMCUyMCUyMCUyMCUyMCUyMCUyMCUyMCUzQyUyRmRpdiUzRSUwQSUyMCUyMCUyMCUyMCUyMCUyMCUyMCUyMCUzQyUyRnAlM0UlMEElMjAlMjAlMjAlMjAlM0MlMkZkaXYlM0UlMEElMjAlMjAlMjAlMjAlM0NkaXYlMjBjbGFzcyUzRCUyMnZjX3JvdyUyMiUzRSUwQSUyMCUyMCUyMCUyMCUyMCUyMCUyMCUyMCUzQ3AlM0UlMEElMjAlMjAlMjAlMjAlMjAlMjAlMjAlMjAlMjAlMjAlMjAlMjBEaXN0YW5jZSUyMGRlJTIwbW9udGFnZSUyMGVudHJlJTIwbGVzJTIwYXhlcyUyMFglM0ElMEElMjAlMjAlMjAlMjAlMjAlMjAlMjAlMjAlM0MlMkZwJTNFJTBBJTIwJTIwJTIwJTIwJTIwJTIwJTIwJTIwJTNDcCUyMGNsYXNzJTNEJTIydWl0a29tc3QlMjIlM0UlMEElMjAlMjAlMjAlMjAlMjAlMjAlMjAlMjAlMjAlMjAlMjAlMjAlM0NzcGFuJTIwaWQlM0QlMjJtb250YWdlWCUyMiUzRTYwMCUzQyUyRnNwYW4lM0VtbSUwQSUyMCUyMCUyMCUyMCUyMCUyMCUyMCUyMCUyMCUyMCUyMCUyMCUzQ2RpdiUyMGNsYXNzJTNEJTIyaW5mb1Rvb2x0aXAlMjIlM0UlMEElMjAlMjAlMjAlMjAlMjAlMjAlMjAlMjAlMjAlMjAlMjAlMjAlMjAlMjAlMjAlMjAlM0NpJTIwY2xhc3MlM0QlMjJmYSUyMGZhLWluZm8tY2lyY2xlJTIyJTNFJTNDJTJGaSUzRSUwQSUyMCUyMCUyMCUyMCUyMCUyMCUyMCUyMCUyMCUyMCUyMCUyMCUyMCUyMCUyMCUyMCUzQ2RpdiUyMGNsYXNzJTNEJTIydG9vbHRpcHRleHQlMjIlM0VMZXMlMjBkaXN0YW5jZXMlMjBtYXhpbWFsZXMlMjBkZSUyMG1vbnRhZ2UlMjBjZW50cmUlMjAlQzMlQTAlMjBjZW50cmUlMjBwb3VyJTIwbGVzJTIwc3VwcG9ydHMlMjBHZWNrbyUyQyUyMG1lc3VyJUMzJUE5ZXMlMjBob3Jpem9udGFsZW1lbnQlMjAlMjhnYXVjaGUtZHJvaXRlJTI5LiUzQyUyRmRpdiUzRSUwQSUyMCUyMCUyMCUyMCUyMCUyMCUyMCUyMCUyMCUyMCUyMCUyMCUzQyUyRmRpdiUzRSUwQSUyMCUyMCUyMCUyMCUyMCUyMCUyMCUyMCUzQyUyRnAlM0UlMEElMjAlMjAlMjAlMjAlM0MlMkZkaXYlM0UlMEElMjAlMjAlMjAlMjAlM0NkaXYlMjBjbGFzcyUzRCUyMnZjX3JvdyUyMiUzRSUwQSUyMCUyMCUyMCUyMCUyMCUyMCUyMCUyMCUzQ3AlM0UlMEElMjAlMjAlMjAlMjAlMjAlMjAlMjAlMjAlMjAlMjAlMjAlMjBEaXN0YW5jZSUyMGRlJTIwbW9udGFnZSUyMGVudHJlJTIwbGVzJTIwYXhlcyUyMFklM0ElMEElMjAlMjAlMjAlMjAlMjAlMjAlMjAlMjAlM0MlMkZwJTNFJTBBJTIwJTIwJTIwJTIwJTIwJTIwJTIwJTIwJTNDcCUyMGNsYXNzJTNEJTIydWl0a29tc3QlMjIlM0UlMEElMjAlMjAlMjAlMjAlMjAlMjAlMjAlMjAlMjAlMjAlMjAlMjAlM0NzcGFuJTIwaWQlM0QlMjJtb250YWdlWSUyMiUzRTYwMCUzQyUyRnNwYW4lM0VtbSUwQSUyMCUyMCUyMCUyMCUyMCUyMCUyMCUyMCUyMCUyMCUyMCUyMCUzQ2RpdiUyMGNsYXNzJTNEJTIyaW5mb1Rvb2x0aXAlMjIlM0UlMEElMjAlMjAlMjAlMjAlMjAlMjAlMjAlMjAlMjAlMjAlMjAlMjAlMjAlMjAlMjAlMjAlM0NpJTIwY2xhc3MlM0QlMjJmYSUyMGZhLWluZm8tY2lyY2xlJTIyJTNFJTNDJTJGaSUzRSUwQSUyMCUyMCUyMCUyMCUyMCUyMCUyMCUyMCUyMCUyMCUyMCUyMCUyMCUyMCUyMCUyMCUzQ2RpdiUyMGNsYXNzJTNEJTIydG9vbHRpcHRleHQlMjIlM0VMZXMlMjBkaXN0YW5jZXMlMjBtYXhpbWFsZXMlMjBkZSUyMG1vbnRhZ2UlMjBjZW50cmUlMjAlQzMlQTAlMjBjZW50cmUlMjBwb3VyJTIwbGVzJTIwc3VwcG9ydHMlMjBHZWNrbyUyQyUyMG1lc3VyJUMzJUE5ZXMlMjB2ZXJ0aWNhbGVtZW50JTIwJTI4ZGUlMjBoYXV0JTIwZW4lMjBiYXMlMjkuJTNDJTJGZGl2JTNFJTBBJTIwJTIwJTIwJTIwJTIwJTIwJTIwJTIwJTIwJTIwJTIwJTIwJTNDJTJGZGl2JTNFJTBBJTIwJTIwJTIwJTIwJTIwJTIwJTIwJTIwJTNDJTJGcCUzRSUwQSUyMCUyMCUyMCUyMCUzQyUyRmRpdiUzRSUwQSUyMCUyMCUyMCUyMCUzQ2RpdiUyMGNsYXNzJTNEJTIydmNfcm93JTIyJTNFJTBBJTIwJTIwJTIwJTIwJTIwJTIwJTIwJTIwJTNDcCUzRSUwQSUyMCUyMCUyMCUyMCUyMCUyMCUyMCUyMCUyMCUyMCUyMCUyME5vbWJyZSUyMGRlJTIwcGklQzMlQThjZXMlMjBuJUMzJUE5Y2Vzc2FpcmVzJTIwcGFyJTIwbSVDMiVCMiUzQSUwQSUyMCUyMCUyMCUyMCUyMCUyMCUyMCUyMCUzQyUyRnAlM0UlMEElMjAlMjAlMjAlMjAlMjAlMjAlMjAlMjAlM0NwJTIwY2xhc3MlM0QlMjJ1aXRrb21zdCUyMiUzRSUwQSUyMCUyMCUyMCUyMCUyMCUyMCUyMCUyMCUyMCUyMCUyMCUyMCUzQ3NwYW4lMjBpZCUzRCUyMnN0dWtzbSUyMiUzRTIlMkM3OCUzQyUyRnNwYW4lM0VzdCUyRm0lQzIlQjIlMEElMjAlMjAlMjAlMjAlMjAlMjAlMjAlMjAlMjAlMjAlMjAlMjAlM0NkaXYlMjBjbGFzcyUzRCUyMmluZm9Ub29sdGlwJTIyJTNFJTBBJTIwJTIwJTIwJTIwJTIwJTIwJTIwJTIwJTIwJTIwJTIwJTIwJTIwJTIwJTIwJTIwJTNDaSUyMGNsYXNzJTNEJTIyZmElMjBmYS1pbmZvLWNpcmNsZSUyMiUzRSUzQyUyRmklM0UlMEElMjAlMjAlMjAlMjAlMjAlMjAlMjAlMjAlMjAlMjAlMjAlMjAlMjAlMjAlMjAlMjAlM0NkaXYlMjBjbGFzcyUzRCUyMnRvb2x0aXB0ZXh0JTIyJTNFTGUlMjBub21icmUlMjBkZSUyMHN1cHBvcnRzJTIwR2Vja28lMjBkb250JTIwdm91cyUyMGF2ZXolMjBiZXNvaW4lMjBwYXIlMjBtJUMyJUIyJTJDJTIwY2UlMjBjYWxjdWwlMjBlc3QlMjBwdXJlbWVudCUyMG5ldCUyMHNhbnMlMjB0ZW5pciUyMGNvbXB0ZSUyMGRlcyUyMG91dmVydHVyZXMlMjBkZSUyMGZhJUMzJUE3YWRlcyUyQyUyMGRlcyUyMGFuZ2xlcyUyQy4uLiUyMC4lM0MlMkZkaXYlM0UlMEElMjAlMjAlMjAlMjAlMjAlMjAlMjAlMjAlMjAlMjAlMjAlMjAlM0MlMkZkaXYlM0UlMEElMjAlMjAlMjAlMjAlMjAlMjAlMjAlMjAlM0MlMkZwJTNFJTBBJTIwJTIwJTIwJTIwJTNDJTJGZGl2JTNFJTBBJTIwJTIwJTIwJTIwJTNDZGl2JTIwY2xhc3MlM0QlMjJ2Y19yb3clMjIlM0UlMEElMjAlMjAlMjAlMjAlMjAlMjAlMjAlMjAlM0NwJTNFTm9tYnJlJTIwZGUlMjBwaSVDMyVBOGNlcyUyMG4lQzMlQTljZXNzYWlyZXMlMjBwb3VyJTIwdm90cmUlMjBwcm9qZXQlM0ElM0MlMkZwJTNFJTBBJTIwJTIwJTIwJTIwJTIwJTIwJTIwJTIwJTNDcCUyMGNsYXNzJTNEJTIydWl0a29tc3QlMjIlM0UlM0NzcGFuJTIwaWQlM0QlMjJzdHVrc3AlMjIlM0UyMDAlM0MlMkZzcGFuJTNFc3QlM0MlMkZwJTNFJTBBJTIwJTIwJTIwJTIwJTNDJTJGZGl2JTNFJTBBJTIwJTIwJTIwJTIwJTNDZGl2JTIwY2xhc3MlM0QlMjJ2Y19yb3clMjIlM0UlMEElMjAlMjAlMjAlMjAlMjAlMjAlMjAlMjAlM0NwJTNFJTBBJTIwJTIwJTIwJTIwJTIwJTIwJTIwJTIwJTIwJTIwJTIwJTIwU3VwcG9ydCUyMHMlQzMlQTlsZWN0aW9ubiVDMyVBOSUzQSUwQSUyMCUyMCUyMCUyMCUyMCUyMCUyMCUyMCUzQyUyRnAlM0UlMEElMjAlMjAlMjAlMjAlMjAlMjAlMjAlMjAlM0NwJTIwY2xhc3MlM0QlMjJ1aXRrb21zdCUyMiUzRSUwQSUyMCUyMCUyMCUyMCUyMCUyMCUyMCUyMCUyMCUyMCUyMCUyMCUzQ3NwYW4lMjBpZCUzRCUyMmJldWdlbCUyMiUzRUJHOTAtSCUzQyUyRnNwYW4lM0UlMEElMjAlMjAlMjAlMjAlMjAlMjAlMjAlMjAlMjAlMjAlMjAlMjAlM0NkaXYlMjBjbGFzcyUzRCUyMmluZm9Ub29sdGlwJTIyJTNFJTBBJTIwJTIwJTIwJTIwJTIwJTIwJTIwJTIwJTIwJTIwJTIwJTIwJTIwJTIwJTIwJTIwJTNDaSUyMGNsYXNzJTNEJTIyZmElMjBmYS1pbmZvLWNpcmNsZSUyMiUzRSUzQyUyRmklM0UlMEElMjAlMjAlMjAlMjAlMjAlMjAlMjAlMjAlMjAlMjAlMjAlMjAlMjAlMjAlMjAlMjAlM0NkaXYlMjBjbGFzcyUzRCUyMnRvb2x0aXB0ZXh0JTIyJTNFVm91cyUyMHZveWV6JTIwaWNpJTIwbGUlMjB0eXBlJTIwZGUlMjBzdXBwb3J0JTIwR2Vja28lMjBkb250JTIwdm91cyUyMGF2ZXolMjBiZXNvaW4lMjBlbiUyMGZvbmN0aW9uJTIwZGVzJTIwcGFyYW0lQzMlQTh0cmVzJTIwY2ktZGVzc3VzLiUzQyUyRmRpdiUzRSUwQSUyMCUyMCUyMCUyMCUyMCUyMCUyMCUyMCUyMCUyMCUyMCUyMCUzQyUyRmRpdiUzRSUwQSUyMCUyMCUyMCUyMCUyMCUyMCUyMCUyMCUzQyUyRnAlM0UlMEElMjAlMjAlMjAlMjAlM0MlMkZkaXYlM0UlMEElMjAlMjAlMjAlMjAlM0NkaXYlMjBjbGFzcyUzRCUyMnZjX3JvdyUyMiUzRSUwQSUyMCUyMCUyMCUyMCUyMCUyMCUyMCUyMCUzQ3AlM0UlMEElMjAlMjAlMjAlMjAlMjAlMjAlMjAlMjAlMjAlMjAlMjAlMjBDaGV2cm9ucyUyMHJlcXVpcyUzQSUwQSUyMCUyMCUyMCUyMCUyMCUyMCUyMCUyMCUzQyUyRnAlM0UlMEElMjAlMjAlMjAlMjAlMjAlMjAlMjAlMjAlM0NwJTIwY2xhc3MlM0QlMjJ1aXRrb21zdCUyMiUzRSUwQSUyMCUyMCUyMCUyMCUyMCUyMCUyMCUyMCUyMCUyMCUyMCUyMCUzQ3NwYW4lMjBpZCUzRCUyMktlcGVyJTIyJTNFLS0tJTNDJTJGc3BhbiUzRSUwQSUyMCUyMCUyMCUyMCUyMCUyMCUyMCUyMCUyMCUyMCUyMCUyMCUzQ2RpdiUyMGNsYXNzJTNEJTIyaW5mb1Rvb2x0aXAlMjIlM0UlMEElMjAlMjAlMjAlMjAlMjAlMjAlMjAlMjAlMjAlMjAlMjAlMjAlMjAlMjAlMjAlMjAlM0NpJTIwY2xhc3MlM0QlMjJmYSUyMGZhLWluZm8tY2lyY2xlJTIyJTNFJTNDJTJGaSUzRSUwQSUyMCUyMCUyMCUyMCUyMCUyMCUyMCUyMCUyMCUyMCUyMCUyMCUyMCUyMCUyMCUyMCUzQ2RpdiUyMGNsYXNzJTNEJTIydG9vbHRpcHRleHQlMjIlM0UlM0MlMkZkaXYlM0UlMEElMjAlMjAlMjAlMjAlMjAlMjAlMjAlMjAlMjAlMjAlMjAlMjAlM0MlMkZkaXYlM0UlMEElMjAlMjAlMjAlMjAlMjAlMjAlMjAlMjAlM0MlMkZwJTNFJTBBJTIwJTIwJTIwJTIwJTIwJTIwJTIwJTIwJTNDcCUyMGNsYXNzJTNEJTIydWl0a29tc3QlMjIlM0UlMEElMjAlMjAlMjAlMjAlMjAlMjAlMjAlMjAlMjAlMjAlMjAlMjAlM0NzcGFuJTIwaWQlM0QlMjJFeHRyYWtlZXBlciUyMiUzRSUzQyUyRnNwYW4lM0UlMjBMbSUwQSUyMCUyMCUyMCUyMCUyMCUyMCUyMCUyMCUzQyUyRnAlM0UlMEElMjAlMjAlMjAlMjAlM0MlMkZkaXYlM0UlMEElMjAlMjAlMjAlMjAlM0NkaXYlMjBjbGFzcyUzRCUyMnZjX3JvdyUyMiUzRSUwQSUyMCUyMCUyMCUyMCUyMCUyMCUyMCUyMCUzQ3AlM0UlMEElMjAlMjAlMjAlMjAlMjAlMjAlMjAlMjAlMjAlMjAlMjAlMjBMb25ndWV1ciUyMGRlcyUyMHZpcyUyMGV0JTIwY2hldmlsbGVzJTIwbXVyYWxlcyUyMCUyMmRyb2l0ZXMlMjIlM0ElMEElMjAlMjAlMjAlMjAlMjAlMjAlMjAlMjAlM0MlMkZwJTNFJTBBJTIwJTIwJTIwJTIwJTIwJTIwJTIwJTIwJTNDcCUyMGNsYXNzJTNEJTIydWl0a29tc3QlMjIlM0UlMEElMjAlMjAlMjAlMjAlMjAlMjAlMjAlMjAlMjAlMjAlMjAlMjAlM0NzcGFuJTIwaWQlM0QlMjJyZWNodCUyMiUzRTgwbW0lM0MlMkZzcGFuJTNFJTBBJTIwJTIwJTIwJTIwJTIwJTIwJTIwJTIwJTIwJTIwJTIwJTIwJTNDZGl2JTIwY2xhc3MlM0QlMjJpbmZvVG9vbHRpcCUyMiUzRSUwQSUyMCUyMCUyMCUyMCUyMCUyMCUyMCUyMCUyMCUyMCUyMCUyMCUyMCUyMCUyMCUyMCUzQ2klMjBjbGFzcyUzRCUyMmZhJTIwZmEtaW5mby1jaXJjbGUlMjIlM0UlM0MlMkZpJTNFJTBBJTIwJTIwJTIwJTIwJTIwJTIwJTIwJTIwJTIwJTIwJTIwJTIwJTIwJTIwJTIwJTIwJTNDZGl2JTIwY2xhc3MlM0QlMjJ0b29sdGlwdGV4dCUyMiUzRUNlJTIwc29udCUyMGxlcyUyMGxvbmd1ZXVycyUyMGRvbnQlMjB2b3VzJTIwYXZleiUyMGJlc29pbiUyMGVuJTIwZm9uY3Rpb24lMjBkZSUyMGwlMjclQzMlQTlwYWlzc2V1ciUyMGQlMjdpc29sYXRpb24lMjBjaG9pc2llLiUzQyUyRmRpdiUzRSUwQSUyMCUyMCUyMCUyMCUyMCUyMCUyMCUyMCUyMCUyMCUyMCUyMCUzQyUyRmRpdiUzRSUwQSUyMCUyMCUyMCUyMCUyMCUyMCUyMCUyMCUzQyUyRnAlM0UlMEElMjAlMjAlMjAlMjAlMjAlMjAlMjAlMjAlM0NwJTIwY2xhc3MlM0QlMjJ1aXRrb21zdCUyMiUzRSUwQSUyMCUyMCUyMCUyMCUyMCUyMCUyMCUyMCUyMCUyMCUyMCUyMCUzQ3NwYW4lMjBpZCUzRCUyMlJlY2h0c3R1a3MlMjIlM0UlM0MlMkZzcGFuJTNFJTIwc3QlMEElMjAlMjAlMjAlMjAlMjAlMjAlMjAlMjAlM0MlMkZwJTNFJTBBJTIwJTIwJTIwJTIwJTNDJTJGZGl2JTNFJTBBJTIwJTIwJTIwJTIwJTNDZGl2JTIwY2xhc3MlM0QlMjJ2Y19yb3clMjIlM0UlMEElMjAlMjAlMjAlMjAlMjAlMjAlMjAlMjAlM0NwJTNFJTBBJTIwJTIwJTIwJTIwJTIwJTIwJTIwJTIwJTIwJTIwJTIwJTIwTG9uZ3VldXIlMjBkZXMlMjB2aXMlMjBldCUyMGNoZXZpbGxlcyUyMG11cmFsZXMlMjAlMjJkJTI3YW5nbGUlMjIlM0ElMEElMjAlMjAlMjAlMjAlMjAlMjAlMjAlMjAlM0MlMkZwJTNFJTBBJTIwJTIwJTIwJTIwJTIwJTIwJTIwJTIwJTNDcCUyMGNsYXNzJTNEJTIydWl0a29tc3QlMjIlM0UlMEElMjAlMjAlMjAlMjAlMjAlMjAlMjAlMjAlMjAlMjAlMjAlMjAlM0NzcGFuJTIwaWQlM0QlMjJvbmRlciUyMiUzRTgwbW0lM0MlMkZzcGFuJTNFJTBBJTIwJTIwJTIwJTIwJTIwJTIwJTIwJTIwJTIwJTIwJTIwJTIwJTNDZGl2JTIwY2xhc3MlM0QlMjJpbmZvVG9vbHRpcCUyMiUzRSUwQSUyMCUyMCUyMCUyMCUyMCUyMCUyMCUyMCUyMCUyMCUyMCUyMCUyMCUyMCUyMCUyMCUzQ2klMjBjbGFzcyUzRCUyMmZhJTIwZmEtaW5mby1jaXJjbGUlMjIlM0UlM0MlMkZpJTNFJTBBJTIwJTIwJTIwJTIwJTIwJTIwJTIwJTIwJTIwJTIwJTIwJTIwJTIwJTIwJTIwJTIwJTNDZGl2JTIwY2xhc3MlM0QlMjJ0b29sdGlwdGV4dCUyMiUzRUNlJTIwc29udCUyMGxlcyUyMGxvbmd1ZXVycyUyMGRvbnQlMjB2b3VzJTIwYXZleiUyMGJlc29pbiUyMGVuJTIwZm9uY3Rpb24lMjBkZSUyMGwlMjclQzMlQTlwYWlzc2V1ciUyMGQlMjdpc29sYXRpb24lMjBjaG9pc2llLiUzQyUyRmRpdiUzRSUwQSUyMCUyMCUyMCUyMCUyMCUyMCUyMCUyMCUyMCUyMCUyMCUyMCUzQyUyRmRpdiUzRSUwQSUyMCUyMCUyMCUyMCUyMCUyMCUyMCUyMCUzQyUyRnAlM0UlMEElMjAlMjAlMjAlMjAlMjAlMjAlMjAlMjAlM0NwJTIwY2xhc3MlM0QlMjJ1aXRrb21zdCUyMiUzRSUwQSUyMCUyMCUyMCUyMCUyMCUyMCUyMCUyMCUyMCUyMCUyMCUyMCUzQ3NwYW4lMjBpZCUzRCUyMk9uZGVyc3R1a3MlMjIlM0UlM0MlMkZzcGFuJTNFJTIwc3QlMEElMjAlMjAlMjAlMjAlMjAlMjAlMjAlMjAlM0MlMkZwJTNFJTBBJTIwJTIwJTIwJTIwJTNDJTJGZGl2JTNFJTBBJTIwJTIwJTIwJTIwJTNDZGl2JTIwY2xhc3MlM0QlMjJ2Y19yb3clMjIlM0UlMEElMjAlMjAlMjAlMjAlMjAlMjAlMjAlMjAlM0NwJTNFJTBBJTIwJTIwJTIwJTIwJTIwJTIwJTIwJTIwJTIwJTIwJTIwJTIwQm91Y2hvbnMlMjBvdSUyMHZpcyUyMGFzc29ydGlzJTNBJTBBJTIwJTIwJTIwJTIwJTIwJTIwJTIwJTIwJTNDJTJGcCUzRSUwQSUyMCUyMCUyMCUyMCUyMCUyMCUyMCUyMCUzQ3AlMjBjbGFzcyUzRCUyMnVpdGtvbXN0JTIyJTNFJTBBJTIwJTIwJTIwJTIwJTIwJTIwJTIwJTIwJTIwJTIwJTIwJTIwJTNDc3BhbiUyMGlkJTNEJTIyT25kZXJncm9uZCUyMiUzRS0tLSUzQyUyRnNwYW4lM0UlMEElMjAlMjAlMjAlMjAlMjAlMjAlMjAlMjAlMjAlMjAlMjAlMjAlM0NkaXYlMjBjbGFzcyUzRCUyMmluZm9Ub29sdGlwJTIyJTNFJTBBJTIwJTIwJTIwJTIwJTIwJTIwJTIwJTIwJTIwJTIwJTIwJTIwJTIwJTIwJTIwJTIwJTNDaSUyMGNsYXNzJTNEJTIyZmElMjBmYS1pbmZvLWNpcmNsZSUyMiUzRSUzQyUyRmklM0UlMEElMjAlMjAlMjAlMjAlMjAlMjAlMjAlMjAlMjAlMjAlMjAlMjAlMjAlMjAlMjAlMjAlM0NkaXYlMjBjbGFzcyUzRCUyMnRvb2x0aXB0ZXh0JTIyJTNFJTNDJTJGZGl2JTNFJTBBJTIwJTIwJTIwJTIwJTIwJTIwJTIwJTIwJTIwJTIwJTIwJTIwJTNDJTJGZGl2JTNFJTBBJTIwJTIwJTIwJTIwJTIwJTIwJTIwJTIwJTNDJTJGcCUzRSUwQSUyMCUyMCUyMCUyMCUzQyUyRmRpdiUzRSUwQSUzQyUyRmRpdiUzRQ==[\/vc_raw_html][vc_empty_space][vc_raw_html]JTNDYSUyMGhyZWYlM0QlMjIlMkZmciUyRmdlY2tvLXRvb2wlMjIlM0UlM0NidXR0b24lMjBjbGFzcyUzRCUyMmNvbW1vbi1idG4lMjIlM0VSZWZhaXRlcyUyMGxlJTIwdGVzdCUzQyUyRmJ1dHRvbiUzRSUzQyUyRmElM0U=[\/vc_raw_html][\/vc_column][vc_column width=\u00a0\u00bb1\/6&Prime;][\/vc_column][\/vc_row][vc_row css_animation=\u00a0\u00bb\u00a0\u00bb row_type=\u00a0\u00bbrow\u00a0\u00bb use_row_as_full_screen_section=\u00a0\u00bbno\u00a0\u00bb type=\u00a0\u00bbgrid\u00a0\u00bb angled_section=\u00a0\u00bbno\u00a0\u00bb text_align=\u00a0\u00bbleft\u00a0\u00bb background_image_as_pattern=\u00a0\u00bbwithout_pattern\u00a0\u00bb z_index=\u00a0\u00bb\u00a0\u00bb][vc_column][vc_empty_space height=\u00a0\u00bb80px\u00a0\u00bb][\/vc_column][\/vc_row]<\/p>\n<\/div>","protected":false},"excerpt":{"rendered":"<p>[vc_row css_animation=\u00a0\u00bb\u00a0\u00bb row_type=\u00a0\u00bbrow\u00a0\u00bb use_row_as_full_screen_section=\u00a0\u00bbno\u00a0\u00bb type=\u00a0\u00bbgrid\u00a0\u00bb angled_section=\u00a0\u00bbno\u00a0\u00bb text_align=\u00a0\u00bbleft\u00a0\u00bb background_image_as_pattern=\u00a0\u00bbwithout_pattern\u00a0\u00bb css=\u00a0\u00bb.vc_custom_1576163640835{background-color: #c8d400 !important;}\u00a0\u00bb z_index=\u00a0\u00bb\u00a0\u00bb][vc_column][vc_empty_space height=\u00a0\u00bb50px\u00a0\u00bb][vc_column_text] Le calculateur de supports pour votre projet de fa\u00e7ade [\/vc_column_text][vc_empty_space height=\u00a0\u00bb40px\u00a0\u00bb][vc_row_inner row_type=\u00a0\u00bbrow\u00a0\u00bb type=\u00a0\u00bbfull_width\u00a0\u00bb text_align=\u00a0\u00bbleft\u00a0\u00bb css_animation=\u00a0\u00bb\u00a0\u00bb][vc_column_inner][vc_column_text] Avec notre calculateur de supports, n\u2019importe qui, particulier ou professionnel, peut calculer le nombre de fixations Gecko&#8230;<\/p>\n","protected":false},"author":6,"featured_media":0,"parent":0,"menu_order":0,"comment_status":"closed","ping_status":"closed","template":"full_width.php","meta":{"_acf_changed":false,"footnotes":""},"class_list":["post-4179","page","type-page","status-publish","hentry"],"acf":[],"yoast_head":"<!-- This site is optimized with the Yoast SEO plugin v27.0 - https:\/\/yoast.com\/product\/yoast-seo-wordpress\/ -->\n<title>Gecko - Duurzame gevelbekleding - Contacteer ons<\/title>\n<meta name=\"description\" content=\"Vragen of opmerkingen over onze Gecko beugels of diensten? Contacteer Gecko voor uw duurzame gevelbekleding. Wij helpen u graag verder.\" \/>\n<meta name=\"robots\" content=\"index, follow, max-snippet:-1, max-image-preview:large, max-video-preview:-1\" \/>\n<link rel=\"canonical\" href=\"https:\/\/gecko-fix.com\/fr\/gecko-tool-resultat\/\" \/>\n<meta property=\"og:locale\" content=\"fr_FR\" \/>\n<meta property=\"og:type\" content=\"article\" \/>\n<meta property=\"og:title\" content=\"Gecko - Duurzame gevelbekleding - Contacteer ons\" \/>\n<meta property=\"og:description\" content=\"Vragen of opmerkingen over onze Gecko beugels of diensten? Contacteer Gecko voor uw duurzame gevelbekleding. Wij helpen u graag verder.\" \/>\n<meta property=\"og:url\" content=\"https:\/\/gecko-fix.com\/fr\/gecko-tool-resultat\/\" \/>\n<meta property=\"og:site_name\" content=\"Gecko Fix\" \/>\n<meta property=\"article:modified_time\" content=\"2022-10-25T14:04:05+00:00\" \/>\n<meta name=\"twitter:card\" content=\"summary_large_image\" \/>\n<meta name=\"twitter:label1\" content=\"Dur\u00e9e de lecture estim\u00e9e\" \/>\n\t<meta name=\"twitter:data1\" content=\"1 minute\" \/>\n<script type=\"application\/ld+json\" class=\"yoast-schema-graph\">{\"@context\":\"https:\/\/schema.org\",\"@graph\":[{\"@type\":\"WebPage\",\"@id\":\"https:\/\/gecko-fix.com\/fr\/gecko-tool-resultat\/\",\"url\":\"https:\/\/gecko-fix.com\/fr\/gecko-tool-resultat\/\",\"name\":\"Gecko - Duurzame gevelbekleding - Contacteer ons\",\"isPartOf\":{\"@id\":\"https:\/\/gecko-fix.com\/#website\"},\"datePublished\":\"2021-08-06T08:33:23+00:00\",\"dateModified\":\"2022-10-25T14:04:05+00:00\",\"description\":\"Vragen of opmerkingen over onze Gecko beugels of diensten? Contacteer Gecko voor uw duurzame gevelbekleding. Wij helpen u graag verder.\",\"breadcrumb\":{\"@id\":\"https:\/\/gecko-fix.com\/fr\/gecko-tool-resultat\/#breadcrumb\"},\"inLanguage\":\"fr-FR\",\"potentialAction\":[{\"@type\":\"ReadAction\",\"target\":[\"https:\/\/gecko-fix.com\/fr\/gecko-tool-resultat\/\"]}]},{\"@type\":\"BreadcrumbList\",\"@id\":\"https:\/\/gecko-fix.com\/fr\/gecko-tool-resultat\/#breadcrumb\",\"itemListElement\":[{\"@type\":\"ListItem\",\"position\":1,\"name\":\"Home\",\"item\":\"https:\/\/gecko-fix.com\/fr\/\"},{\"@type\":\"ListItem\",\"position\":2,\"name\":\"Le calculateur de supports pour votre projet de fa\u00e7ade r\u00e9sultat\"}]},{\"@type\":\"WebSite\",\"@id\":\"https:\/\/gecko-fix.com\/#website\",\"url\":\"https:\/\/gecko-fix.com\/\",\"name\":\"Gecko Fix\",\"description\":\"Duurzame gevelbekleding voor nieuwbouw en renovatie\",\"potentialAction\":[{\"@type\":\"SearchAction\",\"target\":{\"@type\":\"EntryPoint\",\"urlTemplate\":\"https:\/\/gecko-fix.com\/?s={search_term_string}\"},\"query-input\":{\"@type\":\"PropertyValueSpecification\",\"valueRequired\":true,\"valueName\":\"search_term_string\"}}],\"inLanguage\":\"fr-FR\"}]}<\/script>\n<!-- \/ Yoast SEO plugin. -->","yoast_head_json":{"title":"Gecko - Duurzame gevelbekleding - Contacteer ons","description":"Vragen of opmerkingen over onze Gecko beugels of diensten? Contacteer Gecko voor uw duurzame gevelbekleding. Wij helpen u graag verder.","robots":{"index":"index","follow":"follow","max-snippet":"max-snippet:-1","max-image-preview":"max-image-preview:large","max-video-preview":"max-video-preview:-1"},"canonical":"https:\/\/gecko-fix.com\/fr\/gecko-tool-resultat\/","og_locale":"fr_FR","og_type":"article","og_title":"Gecko - Duurzame gevelbekleding - Contacteer ons","og_description":"Vragen of opmerkingen over onze Gecko beugels of diensten? Contacteer Gecko voor uw duurzame gevelbekleding. Wij helpen u graag verder.","og_url":"https:\/\/gecko-fix.com\/fr\/gecko-tool-resultat\/","og_site_name":"Gecko Fix","article_modified_time":"2022-10-25T14:04:05+00:00","twitter_card":"summary_large_image","twitter_misc":{"Dur\u00e9e de lecture estim\u00e9e":"1 minute"},"schema":{"@context":"https:\/\/schema.org","@graph":[{"@type":"WebPage","@id":"https:\/\/gecko-fix.com\/fr\/gecko-tool-resultat\/","url":"https:\/\/gecko-fix.com\/fr\/gecko-tool-resultat\/","name":"Gecko - Duurzame gevelbekleding - Contacteer ons","isPartOf":{"@id":"https:\/\/gecko-fix.com\/#website"},"datePublished":"2021-08-06T08:33:23+00:00","dateModified":"2022-10-25T14:04:05+00:00","description":"Vragen of opmerkingen over onze Gecko beugels of diensten? Contacteer Gecko voor uw duurzame gevelbekleding. Wij helpen u graag verder.","breadcrumb":{"@id":"https:\/\/gecko-fix.com\/fr\/gecko-tool-resultat\/#breadcrumb"},"inLanguage":"fr-FR","potentialAction":[{"@type":"ReadAction","target":["https:\/\/gecko-fix.com\/fr\/gecko-tool-resultat\/"]}]},{"@type":"BreadcrumbList","@id":"https:\/\/gecko-fix.com\/fr\/gecko-tool-resultat\/#breadcrumb","itemListElement":[{"@type":"ListItem","position":1,"name":"Home","item":"https:\/\/gecko-fix.com\/fr\/"},{"@type":"ListItem","position":2,"name":"Le calculateur de supports pour votre projet de fa\u00e7ade r\u00e9sultat"}]},{"@type":"WebSite","@id":"https:\/\/gecko-fix.com\/#website","url":"https:\/\/gecko-fix.com\/","name":"Gecko Fix","description":"Duurzame gevelbekleding voor nieuwbouw en renovatie","potentialAction":[{"@type":"SearchAction","target":{"@type":"EntryPoint","urlTemplate":"https:\/\/gecko-fix.com\/?s={search_term_string}"},"query-input":{"@type":"PropertyValueSpecification","valueRequired":true,"valueName":"search_term_string"}}],"inLanguage":"fr-FR"}]}},"_links":{"self":[{"href":"https:\/\/gecko-fix.com\/fr\/wp-json\/wp\/v2\/pages\/4179","targetHints":{"allow":["GET"]}}],"collection":[{"href":"https:\/\/gecko-fix.com\/fr\/wp-json\/wp\/v2\/pages"}],"about":[{"href":"https:\/\/gecko-fix.com\/fr\/wp-json\/wp\/v2\/types\/page"}],"author":[{"embeddable":true,"href":"https:\/\/gecko-fix.com\/fr\/wp-json\/wp\/v2\/users\/6"}],"replies":[{"embeddable":true,"href":"https:\/\/gecko-fix.com\/fr\/wp-json\/wp\/v2\/comments?post=4179"}],"version-history":[{"count":6,"href":"https:\/\/gecko-fix.com\/fr\/wp-json\/wp\/v2\/pages\/4179\/revisions"}],"predecessor-version":[{"id":7229,"href":"https:\/\/gecko-fix.com\/fr\/wp-json\/wp\/v2\/pages\/4179\/revisions\/7229"}],"wp:attachment":[{"href":"https:\/\/gecko-fix.com\/fr\/wp-json\/wp\/v2\/media?parent=4179"}],"curies":[{"name":"wp","href":"https:\/\/api.w.org\/{rel}","templated":true}]}}