{"id":980,"date":"2020-01-10T11:47:01","date_gmt":"2020-01-10T11:47:01","guid":{"rendered":"https:\/\/gecko-fix.com\/?page_id=980"},"modified":"2020-01-13T08:49:05","modified_gmt":"2020-01-13T08:49:05","slug":"avantages","status":"publish","type":"page","link":"https:\/\/gecko-fix.com\/fr\/avantages\/","title":{"rendered":"Avantages"},"content":{"rendered":"<div class=\"wpb-content-wrapper\"><p>[vc_row css_animation=\u00a0\u00bb\u00a0\u00bb row_type=\u00a0\u00bbrow\u00a0\u00bb use_row_as_full_screen_section=\u00a0\u00bbno\u00a0\u00bb type=\u00a0\u00bbgrid\u00a0\u00bb angled_section=\u00a0\u00bbno\u00a0\u00bb text_align=\u00a0\u00bbleft\u00a0\u00bb background_image_as_pattern=\u00a0\u00bbwithout_pattern\u00a0\u00bb css=\u00a0\u00bb.vc_custom_1576163640835{background-color: #c8d400 !important;}\u00a0\u00bb z_index=\u00a0\u00bb\u00a0\u00bb][vc_column][vc_empty_space height=\u00a0\u00bb50px\u00a0\u00bb][vc_column_text]<\/p>\n<h1 class=\"subpage-title\">Pourquoi Gecko? D\u00e9couvrez nos avantages.<\/h1>\n<p>[\/vc_column_text][vc_empty_space height=\u00a0\u00bb40px\u00a0\u00bb][vc_row_inner row_type=\u00a0\u00bbrow\u00a0\u00bb type=\u00a0\u00bbfull_width\u00a0\u00bb text_align=\u00a0\u00bbleft\u00a0\u00bb css_animation=\u00a0\u00bb\u00a0\u00bb][vc_column_inner][vc_column_text]Ce syst\u00e8me brevet\u00e9 est ideal pour une installation rapide, facile et durable d&rsquo;une nouvelle fa\u00e7ade.[\/vc_column_text][vc_empty_space height=\u00a0\u00bb40px\u00a0\u00bb][vc_raw_html]JTNDYSUyMGhyZWYlM0QlMjIlMkZmciUyRnJlZmVyZW5jZXMlMkYlMjIlM0UlM0NidXR0b24lMjBjbGFzcyUzRCUyMmNvbW1vbi1idG4lMjIlM0VOb3MlMjByJUMzJUE5ZiVDMyVBOXJlbmNlcyUzQyUyRmJ1dHRvbiUzRSUzQyUyRmElM0U=[\/vc_raw_html][\/vc_column_inner][\/vc_row_inner][vc_empty_space height=\u00a0\u00bb40px\u00a0\u00bb][\/vc_column][\/vc_row][vc_row css_animation=\u00a0\u00bb\u00a0\u00bb row_type=\u00a0\u00bbrow\u00a0\u00bb use_row_as_full_screen_section=\u00a0\u00bbno\u00a0\u00bb type=\u00a0\u00bbgrid\u00a0\u00bb angled_section=\u00a0\u00bbno\u00a0\u00bb text_align=\u00a0\u00bbleft\u00a0\u00bb background_image_as_pattern=\u00a0\u00bbwithout_pattern\u00a0\u00bb z_index=\u00a0\u00bb\u00a0\u00bb][vc_column][vc_empty_space height=\u00a0\u00bb40px\u00a0\u00bb][\/vc_column][\/vc_row][vc_row css_animation=\u00a0\u00bb\u00a0\u00bb row_type=\u00a0\u00bbrow\u00a0\u00bb use_row_as_full_screen_section=\u00a0\u00bbno\u00a0\u00bb type=\u00a0\u00bbgrid\u00a0\u00bb angled_section=\u00a0\u00bbno\u00a0\u00bb text_align=\u00a0\u00bbleft\u00a0\u00bb background_image_as_pattern=\u00a0\u00bbwithout_pattern\u00a0\u00bb z_index=\u00a0\u00bb\u00a0\u00bb][vc_column width=\u00a0\u00bb1\/2&Prime;][vc_column_text]<\/p>\n<h2 class=\"text-big\">Rapide et facile:<\/h2>\n<p>[\/vc_column_text][vc_empty_space height=\u00a0\u00bb20px\u00a0\u00bb]<div class=\"q_list circle\">\n\t<\/p>\n<ul class=\"common-list\">\n<li>Peut \u00eatre plac\u00e9 et align\u00e9 par 1 personne<\/li>\n<li>Alignement rapide = jusqu\u2019\u00e0 40 % de temps d\u2019assemblage plus rapide<\/li>\n<li>Boulons de montage standard<\/li>\n<li>L\u2019alignement peut se faire aussi bien avec des vis qu\u2019avec une cloueuse gaz \/ air comprim\u00e9.<\/li>\n<li>Aucun outil sp\u00e9cial n\u2019est necessaire<\/li>\n<\/ul>\n<p><\/div>[vc_empty_space height=\u00a0\u00bb20px\u00a0\u00bb][\/vc_column][vc_column width=\u00a0\u00bb1\/2&Prime;][vc_column_text]<\/p>\n<p style=\"text-align: left;\"><img decoding=\"async\" class=\"alignleft\" src=\"\/wp-content\/uploads\/2019\/12\/gecko-fix-1-300x214.jpg\" alt=\"\" width=\"400\" \/><\/p>\n<p>[\/vc_column_text][\/vc_column][\/vc_row][vc_row css_animation=\u00a0\u00bb\u00a0\u00bb row_type=\u00a0\u00bbrow\u00a0\u00bb use_row_as_full_screen_section=\u00a0\u00bbno\u00a0\u00bb type=\u00a0\u00bbgrid\u00a0\u00bb angled_section=\u00a0\u00bbno\u00a0\u00bb text_align=\u00a0\u00bbleft\u00a0\u00bb background_image_as_pattern=\u00a0\u00bbwithout_pattern\u00a0\u00bb z_index=\u00a0\u00bb\u00a0\u00bb][vc_column][vc_empty_space height=\u00a0\u00bb40px\u00a0\u00bb][\/vc_column][\/vc_row][vc_row css_animation=\u00a0\u00bb\u00a0\u00bb row_type=\u00a0\u00bbrow\u00a0\u00bb use_row_as_full_screen_section=\u00a0\u00bbno\u00a0\u00bb type=\u00a0\u00bbgrid\u00a0\u00bb angled_section=\u00a0\u00bbno\u00a0\u00bb text_align=\u00a0\u00bbleft\u00a0\u00bb background_image_as_pattern=\u00a0\u00bbwithout_pattern\u00a0\u00bb z_index=\u00a0\u00bb\u00a0\u00bb][vc_column width=\u00a0\u00bb1\/2&Prime;][vc_column_text]<\/p>\n<h2 class=\"text-big\">Diff\u00e9rentes applications:<\/h2>\n<p>[\/vc_column_text][vc_empty_space height=\u00a0\u00bb20px\u00a0\u00bb]<div class=\"q_list circle\">\n\t<\/p>\n<ul class=\"common-list\">\n<li>3 supports de fixation pour toutes les applications !<\/li>\n<\/ul>\n<div style=\"margin-left: 30px\">\n<p style=\"margin-bottom: 18px\"><a class=\"green\" href=\"\/fr\/nos-produits\/\">BG210:<\/a> applications en laine min\u00e9rale (structure serg\u00e9 verticale)<\/p>\n<p style=\"margin-bottom: 18px\"><a class=\"green\" href=\"\/fr\/nos-produits\/\">BG110:<\/a> applications PUR (structure serg\u00e9 verticale)<\/p>\n<p style=\"margin-bottom: 22px\"><a class=\"green\" href=\"\/fr\/nos-produits\/\">BG90H:<\/a> applications PUR (structure serg\u00e9 horizontale et\/ou coud\u00e9e*)<\/p>\n<\/div>\n<ul class=\"common-list\">\n<li>Tr\u00e8s grande marge pour l\u2019alignement jusqu\u2019\u00e0 m\u00eame 90mm<\/li>\n<li>Id\u00e9al pour les applications de renovation<\/li>\n<\/ul>\n<p><\/div>[vc_empty_space height=\u00a0\u00bb20px\u00a0\u00bb][vc_column_text]*plac\u00e9 jusqu\u2019\u00e0 un angle de 30\u00b0, sous r\u00e9serve des directives d\u2019installation.[\/vc_column_text][vc_empty_space height=\u00a0\u00bb20px\u00a0\u00bb][\/vc_column][vc_column width=\u00a0\u00bb1\/2&Prime;][vc_column_text]<img decoding=\"async\" class=\"alignleft\" src=\"\/wp-content\/uploads\/2019\/12\/gecko-fix-6.jpg\" alt=\"\" width=\"400\" \/>[\/vc_column_text][\/vc_column][\/vc_row][vc_row css_animation=\u00a0\u00bb\u00a0\u00bb row_type=\u00a0\u00bbrow\u00a0\u00bb use_row_as_full_screen_section=\u00a0\u00bbno\u00a0\u00bb type=\u00a0\u00bbgrid\u00a0\u00bb angled_section=\u00a0\u00bbno\u00a0\u00bb text_align=\u00a0\u00bbleft\u00a0\u00bb background_image_as_pattern=\u00a0\u00bbwithout_pattern\u00a0\u00bb z_index=\u00a0\u00bb\u00a0\u00bb][vc_column][vc_empty_space height=\u00a0\u00bb40px\u00a0\u00bb][\/vc_column][\/vc_row][vc_row css_animation=\u00a0\u00bb\u00a0\u00bb row_type=\u00a0\u00bbrow\u00a0\u00bb use_row_as_full_screen_section=\u00a0\u00bbno\u00a0\u00bb type=\u00a0\u00bbgrid\u00a0\u00bb angled_section=\u00a0\u00bbno\u00a0\u00bb text_align=\u00a0\u00bbleft\u00a0\u00bb background_image_as_pattern=\u00a0\u00bbwithout_pattern\u00a0\u00bb z_index=\u00a0\u00bb\u00a0\u00bb][vc_column][vc_column_text]<\/p>\n<h2 class=\"text-big\">Durable<\/h2>\n<p>[\/vc_column_text][vc_empty_space height=\u00a0\u00bb20px\u00a0\u00bb]<div class=\"q_list circle\">\n\t<\/p>\n<ul class=\"common-list\">\n<li>Pas de ponts thermiques<\/li>\n<li>Fabriqu\u00e9 \u00e0 partir de mat\u00e9riaux 100% recycl\u00e9s<\/li>\n<\/ul>\n<p><\/div>[vc_empty_space height=\u00a0\u00bb20px\u00a0\u00bb][\/vc_column][\/vc_row][vc_row css_animation=\u00a0\u00bb\u00a0\u00bb row_type=\u00a0\u00bbrow\u00a0\u00bb use_row_as_full_screen_section=\u00a0\u00bbno\u00a0\u00bb type=\u00a0\u00bbgrid\u00a0\u00bb angled_section=\u00a0\u00bbno\u00a0\u00bb text_align=\u00a0\u00bbleft\u00a0\u00bb background_image_as_pattern=\u00a0\u00bbwithout_pattern\u00a0\u00bb z_index=\u00a0\u00bb\u00a0\u00bb][vc_column][vc_empty_space height=\u00a0\u00bb80px\u00a0\u00bb][\/vc_column][\/vc_row]<\/p>\n<\/div>","protected":false},"excerpt":{"rendered":"<p>[vc_row css_animation=\u00a0\u00bb\u00a0\u00bb row_type=\u00a0\u00bbrow\u00a0\u00bb use_row_as_full_screen_section=\u00a0\u00bbno\u00a0\u00bb type=\u00a0\u00bbgrid\u00a0\u00bb angled_section=\u00a0\u00bbno\u00a0\u00bb text_align=\u00a0\u00bbleft\u00a0\u00bb background_image_as_pattern=\u00a0\u00bbwithout_pattern\u00a0\u00bb css=\u00a0\u00bb.vc_custom_1576163640835{background-color: #c8d400 !important;}\u00a0\u00bb z_index=\u00a0\u00bb\u00a0\u00bb][vc_column][vc_empty_space height=\u00a0\u00bb50px\u00a0\u00bb][vc_column_text] Pourquoi Gecko? D\u00e9couvrez nos avantages. [\/vc_column_text][vc_empty_space height=\u00a0\u00bb40px\u00a0\u00bb][vc_row_inner row_type=\u00a0\u00bbrow\u00a0\u00bb type=\u00a0\u00bbfull_width\u00a0\u00bb text_align=\u00a0\u00bbleft\u00a0\u00bb css_animation=\u00a0\u00bb\u00a0\u00bb][vc_column_inner][vc_column_text]Ce syst\u00e8me brevet\u00e9 est ideal pour une installation rapide, facile et durable d&rsquo;une nouvelle fa\u00e7ade.[\/vc_column_text][vc_empty_space height=\u00a0\u00bb40px\u00a0\u00bb][vc_raw_html]JTNDYSUyMGhyZWYlM0QlMjIlMkZmciUyRnJlZmVyZW5jZXMlMkYlMjIlM0UlM0NidXR0b24lMjBjbGFzcyUzRCUyMmNvbW1vbi1idG4lMjIlM0VOb3MlMjByJUMzJUE5ZiVDMyVBOXJlbmNlcyUzQyUyRmJ1dHRvbiUzRSUzQyUyRmElM0U=[\/vc_raw_html][\/vc_column_inner][\/vc_row_inner][vc_empty_space height=\u00a0\u00bb40px\u00a0\u00bb][\/vc_column][\/vc_row][vc_row css_animation=\u00a0\u00bb\u00a0\u00bb row_type=\u00a0\u00bbrow\u00a0\u00bb use_row_as_full_screen_section=\u00a0\u00bbno\u00a0\u00bb type=\u00a0\u00bbgrid\u00a0\u00bb angled_section=\u00a0\u00bbno\u00a0\u00bb&#8230;<\/p>\n","protected":false},"author":6,"featured_media":0,"parent":0,"menu_order":0,"comment_status":"closed","ping_status":"closed","template":"full_width.php","meta":{"_acf_changed":false,"footnotes":""},"class_list":["post-980","page","type-page","status-publish","hentry"],"acf":[],"yoast_head":"<!-- This site is optimized with the Yoast SEO plugin v27.0 - https:\/\/yoast.com\/product\/yoast-seo-wordpress\/ -->\n<title>Gecko - D\u00e9couvrez les avantages - Solution durable pour votre fa\u00e7ade<\/title>\n<meta name=\"description\" content=\"Les supports de fixation Gecko sont id\u00e9aux pour une installation rapide, facile et durable d&#039;une nouvelle fa\u00e7ade. D\u00e9couvrez tous nos avantages ici.\" \/>\n<meta name=\"robots\" content=\"index, follow, max-snippet:-1, max-image-preview:large, max-video-preview:-1\" \/>\n<link rel=\"canonical\" href=\"https:\/\/gecko-fix.com\/fr\/avantages\/\" \/>\n<meta property=\"og:locale\" content=\"fr_FR\" \/>\n<meta property=\"og:type\" content=\"article\" \/>\n<meta property=\"og:title\" content=\"Gecko - D\u00e9couvrez les avantages - Solution durable pour votre fa\u00e7ade\" \/>\n<meta property=\"og:description\" content=\"Les supports de fixation Gecko sont id\u00e9aux pour une installation rapide, facile et durable d&#039;une nouvelle fa\u00e7ade. D\u00e9couvrez tous nos avantages ici.\" \/>\n<meta property=\"og:url\" content=\"https:\/\/gecko-fix.com\/fr\/avantages\/\" \/>\n<meta property=\"og:site_name\" content=\"Gecko Fix\" \/>\n<meta property=\"article:modified_time\" content=\"2020-01-13T08:49:05+00:00\" \/>\n<meta name=\"twitter:card\" content=\"summary_large_image\" \/>\n<meta name=\"twitter:label1\" content=\"Dur\u00e9e de lecture estim\u00e9e\" \/>\n\t<meta name=\"twitter:data1\" content=\"3 minutes\" \/>\n<script type=\"application\/ld+json\" class=\"yoast-schema-graph\">{\"@context\":\"https:\/\/schema.org\",\"@graph\":[{\"@type\":\"WebPage\",\"@id\":\"https:\/\/gecko-fix.com\/fr\/avantages\/\",\"url\":\"https:\/\/gecko-fix.com\/fr\/avantages\/\",\"name\":\"Gecko - D\u00e9couvrez les avantages - Solution durable pour votre fa\u00e7ade\",\"isPartOf\":{\"@id\":\"https:\/\/gecko-fix.com\/#website\"},\"datePublished\":\"2020-01-10T11:47:01+00:00\",\"dateModified\":\"2020-01-13T08:49:05+00:00\",\"description\":\"Les supports de fixation Gecko sont id\u00e9aux pour une installation rapide, facile et durable d'une nouvelle fa\u00e7ade. D\u00e9couvrez tous nos avantages ici.\",\"breadcrumb\":{\"@id\":\"https:\/\/gecko-fix.com\/fr\/avantages\/#breadcrumb\"},\"inLanguage\":\"fr-FR\",\"potentialAction\":[{\"@type\":\"ReadAction\",\"target\":[\"https:\/\/gecko-fix.com\/fr\/avantages\/\"]}]},{\"@type\":\"BreadcrumbList\",\"@id\":\"https:\/\/gecko-fix.com\/fr\/avantages\/#breadcrumb\",\"itemListElement\":[{\"@type\":\"ListItem\",\"position\":1,\"name\":\"Home\",\"item\":\"https:\/\/gecko-fix.com\/fr\/\"},{\"@type\":\"ListItem\",\"position\":2,\"name\":\"Avantages\"}]},{\"@type\":\"WebSite\",\"@id\":\"https:\/\/gecko-fix.com\/#website\",\"url\":\"https:\/\/gecko-fix.com\/\",\"name\":\"Gecko Fix\",\"description\":\"Duurzame gevelbekleding voor nieuwbouw en renovatie\",\"potentialAction\":[{\"@type\":\"SearchAction\",\"target\":{\"@type\":\"EntryPoint\",\"urlTemplate\":\"https:\/\/gecko-fix.com\/?s={search_term_string}\"},\"query-input\":{\"@type\":\"PropertyValueSpecification\",\"valueRequired\":true,\"valueName\":\"search_term_string\"}}],\"inLanguage\":\"fr-FR\"}]}<\/script>\n<!-- \/ Yoast SEO plugin. -->","yoast_head_json":{"title":"Gecko - D\u00e9couvrez les avantages - Solution durable pour votre fa\u00e7ade","description":"Les supports de fixation Gecko sont id\u00e9aux pour une installation rapide, facile et durable d'une nouvelle fa\u00e7ade. D\u00e9couvrez tous nos avantages ici.","robots":{"index":"index","follow":"follow","max-snippet":"max-snippet:-1","max-image-preview":"max-image-preview:large","max-video-preview":"max-video-preview:-1"},"canonical":"https:\/\/gecko-fix.com\/fr\/avantages\/","og_locale":"fr_FR","og_type":"article","og_title":"Gecko - D\u00e9couvrez les avantages - Solution durable pour votre fa\u00e7ade","og_description":"Les supports de fixation Gecko sont id\u00e9aux pour une installation rapide, facile et durable d'une nouvelle fa\u00e7ade. D\u00e9couvrez tous nos avantages ici.","og_url":"https:\/\/gecko-fix.com\/fr\/avantages\/","og_site_name":"Gecko Fix","article_modified_time":"2020-01-13T08:49:05+00:00","twitter_card":"summary_large_image","twitter_misc":{"Dur\u00e9e de lecture estim\u00e9e":"3 minutes"},"schema":{"@context":"https:\/\/schema.org","@graph":[{"@type":"WebPage","@id":"https:\/\/gecko-fix.com\/fr\/avantages\/","url":"https:\/\/gecko-fix.com\/fr\/avantages\/","name":"Gecko - D\u00e9couvrez les avantages - Solution durable pour votre fa\u00e7ade","isPartOf":{"@id":"https:\/\/gecko-fix.com\/#website"},"datePublished":"2020-01-10T11:47:01+00:00","dateModified":"2020-01-13T08:49:05+00:00","description":"Les supports de fixation Gecko sont id\u00e9aux pour une installation rapide, facile et durable d'une nouvelle fa\u00e7ade. D\u00e9couvrez tous nos avantages ici.","breadcrumb":{"@id":"https:\/\/gecko-fix.com\/fr\/avantages\/#breadcrumb"},"inLanguage":"fr-FR","potentialAction":[{"@type":"ReadAction","target":["https:\/\/gecko-fix.com\/fr\/avantages\/"]}]},{"@type":"BreadcrumbList","@id":"https:\/\/gecko-fix.com\/fr\/avantages\/#breadcrumb","itemListElement":[{"@type":"ListItem","position":1,"name":"Home","item":"https:\/\/gecko-fix.com\/fr\/"},{"@type":"ListItem","position":2,"name":"Avantages"}]},{"@type":"WebSite","@id":"https:\/\/gecko-fix.com\/#website","url":"https:\/\/gecko-fix.com\/","name":"Gecko Fix","description":"Duurzame gevelbekleding voor nieuwbouw en renovatie","potentialAction":[{"@type":"SearchAction","target":{"@type":"EntryPoint","urlTemplate":"https:\/\/gecko-fix.com\/?s={search_term_string}"},"query-input":{"@type":"PropertyValueSpecification","valueRequired":true,"valueName":"search_term_string"}}],"inLanguage":"fr-FR"}]}},"_links":{"self":[{"href":"https:\/\/gecko-fix.com\/fr\/wp-json\/wp\/v2\/pages\/980","targetHints":{"allow":["GET"]}}],"collection":[{"href":"https:\/\/gecko-fix.com\/fr\/wp-json\/wp\/v2\/pages"}],"about":[{"href":"https:\/\/gecko-fix.com\/fr\/wp-json\/wp\/v2\/types\/page"}],"author":[{"embeddable":true,"href":"https:\/\/gecko-fix.com\/fr\/wp-json\/wp\/v2\/users\/6"}],"replies":[{"embeddable":true,"href":"https:\/\/gecko-fix.com\/fr\/wp-json\/wp\/v2\/comments?post=980"}],"version-history":[{"count":7,"href":"https:\/\/gecko-fix.com\/fr\/wp-json\/wp\/v2\/pages\/980\/revisions"}],"predecessor-version":[{"id":1014,"href":"https:\/\/gecko-fix.com\/fr\/wp-json\/wp\/v2\/pages\/980\/revisions\/1014"}],"wp:attachment":[{"href":"https:\/\/gecko-fix.com\/fr\/wp-json\/wp\/v2\/media?parent=980"}],"curies":[{"name":"wp","href":"https:\/\/api.w.org\/{rel}","templated":true}]}}