{"id":2107,"date":"2019-12-10T15:02:37","date_gmt":"2019-12-10T15:02:37","guid":{"rendered":"https:\/\/gecko-fix.com\/voordelen-gevelbekleding-gecko\/"},"modified":"2021-06-08T10:06:42","modified_gmt":"2021-06-08T10:06:42","slug":"voordelen-gevelbekleding-gecko","status":"publish","type":"page","link":"https:\/\/gecko-fix.com\/no\/voordelen-gevelbekleding-gecko\/","title":{"rendered":"Voordelen"},"content":{"rendered":"<div class=\"wpb-content-wrapper\"><p>[vc_row css_animation=&raquo;&raquo; row_type=&raquo;row&raquo; use_row_as_full_screen_section=&raquo;no&raquo; type=&raquo;grid&raquo; angled_section=&raquo;no&raquo; text_align=&raquo;left&raquo; background_image_as_pattern=&raquo;without_pattern&raquo; css=&raquo;.vc_custom_1576163640835{background-color: #c8d400 !important;}&raquo; z_index=&raquo;&raquo;][vc_column][vc_empty_space height=&raquo;50px&raquo;][vc_column_text]<\/p>\n<h1 class=\"subpage-title\">Tenker du p\u00e5 \u00e5 kle ytterveggene dine med Gecko? Oppdag fordelene<\/h1>\n<p>[\/vc_column_text][vc_empty_space height=&raquo;40px&raquo;][vc_row_inner row_type=&raquo;row&raquo; type=&raquo;full_width&raquo; text_align=&raquo;left&raquo; css_animation=&raquo;&raquo;][vc_column_inner][vc_column_text]Vi jobber med b\u00f8yler som legger til rette for effektiv montering av fasadekledningen din. Gecko\u00ae-b\u00f8ylene er ideelle for rask, enkel og b\u00e6rekraftig montering av en ny fasade. Oppdag alle v\u00e5r fordeler.[\/vc_column_text][vc_empty_space height=&raquo;40px&raquo;][vc_raw_html]JTNDYSUyMGhyZWYlM0QlMjIlMkZyZWZlcmVudGllcyUyMiUzRSUzQ2J1dHRvbiUyMGNsYXNzJTNEJTIyY29tbW9uLWJ0biUyMiUzRVYlQzMlQTVyZSUyMHJlZmVyYW5zZXIlM0MlMkZidXR0b24lM0UlM0MlMkZhJTNF[\/vc_raw_html][\/vc_column_inner][\/vc_row_inner][vc_empty_space height=&raquo;40px&raquo;][\/vc_column][\/vc_row][vc_row css_animation=&raquo;&raquo; row_type=&raquo;row&raquo; use_row_as_full_screen_section=&raquo;no&raquo; type=&raquo;grid&raquo; angled_section=&raquo;no&raquo; text_align=&raquo;left&raquo; background_image_as_pattern=&raquo;without_pattern&raquo; z_index=&raquo;&raquo;][vc_column][vc_empty_space height=&raquo;40px&raquo;][\/vc_column][\/vc_row][vc_row css_animation=&raquo;&raquo; row_type=&raquo;row&raquo; use_row_as_full_screen_section=&raquo;no&raquo; type=&raquo;grid&raquo; angled_section=&raquo;no&raquo; text_align=&raquo;left&raquo; background_image_as_pattern=&raquo;without_pattern&raquo; z_index=&raquo;&raquo;][vc_column width=&raquo;1\/2&#8243;][vc_column_text]<\/p>\n<h2 class=\"text-big\">Raskt og enkelt<\/h2>\n<p>[\/vc_column_text][vc_empty_space height=&raquo;20px&raquo;]<div class=\"q_list circle\">\n\t<\/p>\n<ul class=\"common-list\">\n<li>Kan monteres av alle.<\/li>\n<li>Rask innretting = opptil 40 % raskere monteringstid<\/li>\n<li>Standard festebolter<\/li>\n<li>Innretting kan gj\u00f8res med skruer og gass-\/trykkluftdrevet spikerpistol<\/li>\n<li>Ikke behov for spesialverkt\u00f8y<\/li>\n<\/ul>\n<p><\/div>[vc_empty_space height=&raquo;20px&raquo;][\/vc_column][vc_column width=&raquo;1\/2&#8243;][vc_column_text]<\/p>\n<p style=\"text-align: left;\"><img decoding=\"async\" class=\"alignleft\" src=\"\/wp-content\/uploads\/2019\/12\/gecko-fix-1-300x214.jpg\" alt=\"\" width=\"400\" \/><\/p>\n<p>[\/vc_column_text][\/vc_column][\/vc_row][vc_row css_animation=&raquo;&raquo; row_type=&raquo;row&raquo; use_row_as_full_screen_section=&raquo;no&raquo; type=&raquo;grid&raquo; angled_section=&raquo;no&raquo; text_align=&raquo;left&raquo; background_image_as_pattern=&raquo;without_pattern&raquo; z_index=&raquo;&raquo;][vc_column][vc_empty_space height=&raquo;40px&raquo;][\/vc_column][\/vc_row][vc_row css_animation=&raquo;&raquo; row_type=&raquo;row&raquo; use_row_as_full_screen_section=&raquo;no&raquo; type=&raquo;grid&raquo; angled_section=&raquo;no&raquo; text_align=&raquo;left&raquo; background_image_as_pattern=&raquo;without_pattern&raquo; z_index=&raquo;&raquo;][vc_column width=&raquo;1\/2&#8243;][vc_column_text]<\/p>\n<h2 class=\"text-big\">Forskjellige bruksomr\u00e5der<\/h2>\n<p>[\/vc_column_text][vc_empty_space height=&raquo;20px&raquo;]<div class=\"q_list circle\">\n\t<\/p>\n<ul class=\"common-list\">\n<li>3 b\u00f8yler for alle bruksomr\u00e5der<\/li>\n<\/ul>\n<div style=\"margin-left: 30px\">\n<p style=\"margin-bottom: 18px\"><a class=\"green\" href=\"https:\/\/gecko-fix.com\/producten\/\">BG210:<\/a> for bruk med mineralull (vertikal lektstruktur)<\/p>\n<p style=\"margin-bottom: 18px\"><a class=\"green\" href=\"https:\/\/gecko-fix.com\/producten\/\">BG110:<\/a> for bruk med PUR og vertikal lektstruktur<\/p>\n<p style=\"margin-bottom: 22px\"><a class=\"green\" href=\"https:\/\/gecko-fix.com\/producten\/\">BG90H:<\/a> For bruk med PUR (horisontal og skr\u00e5 lektstruktur)<\/p>\n<\/div>\n<ul class=\"common-list\">\n<li>Ekstra stor margin for innrettingen, opptil hele 90 mm<\/li>\n<li>Ideell til bruk ved renoveringsprosjekter<\/li>\n<\/ul>\n<p><\/div>[vc_empty_space height=&raquo;20px&raquo;][\/vc_column][vc_column width=&raquo;1\/2&#8243;][vc_column_text]<img decoding=\"async\" class=\"alignleft\" src=\"\/wp-content\/uploads\/2019\/12\/gecko-fix-6.jpg\" alt=\"\" width=\"400\" \/>[\/vc_column_text][\/vc_column][\/vc_row][vc_row css_animation=&raquo;&raquo; row_type=&raquo;row&raquo; use_row_as_full_screen_section=&raquo;no&raquo; type=&raquo;grid&raquo; angled_section=&raquo;no&raquo; text_align=&raquo;left&raquo; background_image_as_pattern=&raquo;without_pattern&raquo; z_index=&raquo;&raquo;][vc_column][vc_empty_space height=&raquo;40px&raquo;][\/vc_column][\/vc_row][vc_row css_animation=&raquo;&raquo; row_type=&raquo;row&raquo; use_row_as_full_screen_section=&raquo;no&raquo; type=&raquo;grid&raquo; angled_section=&raquo;no&raquo; text_align=&raquo;left&raquo; background_image_as_pattern=&raquo;without_pattern&raquo; z_index=&raquo;&raquo;][vc_column][vc_column_text]<\/p>\n<h2 class=\"text-big\">B\u00e6rekraftig<\/h2>\n<p>[\/vc_column_text][vc_empty_space height=&raquo;20px&raquo;]<div class=\"q_list circle\">\n\t<\/p>\n<ul class=\"common-list\">\n<li>Ingen kuldebroer<\/li>\n<li>Laget av 100 % resirkulert materiale<\/li>\n<\/ul>\n<p><\/div>[vc_empty_space height=&raquo;20px&raquo;][\/vc_column][\/vc_row][vc_row css_animation=&raquo;&raquo; row_type=&raquo;row&raquo; use_row_as_full_screen_section=&raquo;no&raquo; type=&raquo;grid&raquo; angled_section=&raquo;no&raquo; text_align=&raquo;left&raquo; background_image_as_pattern=&raquo;without_pattern&raquo; z_index=&raquo;&raquo;][vc_column][vc_empty_space height=&raquo;80px&raquo;][\/vc_column][\/vc_row]<\/p>\n<\/div>","protected":false},"excerpt":{"rendered":"<p>[vc_row css_animation=&raquo;&raquo; row_type=&raquo;row&raquo; use_row_as_full_screen_section=&raquo;no&raquo; type=&raquo;grid&raquo; angled_section=&raquo;no&raquo; text_align=&raquo;left&raquo; background_image_as_pattern=&raquo;without_pattern&raquo; css=&raquo;.vc_custom_1576163640835{background-color: #c8d400 !important;}&raquo; z_index=&raquo;&raquo;][vc_column][vc_empty_space height=&raquo;50px&raquo;][vc_column_text] Tenker du p\u00e5 \u00e5 kle ytterveggene dine med Gecko? Oppdag fordelene [\/vc_column_text][vc_empty_space height=&raquo;40px&raquo;][vc_row_inner row_type=&raquo;row&raquo; type=&raquo;full_width&raquo; text_align=&raquo;left&raquo; css_animation=&raquo;&raquo;][vc_column_inner][vc_column_text]Vi jobber med b\u00f8yler som legger til rette for effektiv montering av fasadekledningen din. Gecko\u00ae-b\u00f8ylene er&#8230;<\/p>\n","protected":false},"author":6,"featured_media":0,"parent":0,"menu_order":0,"comment_status":"closed","ping_status":"closed","template":"full_width.php","meta":{"_acf_changed":false,"footnotes":""},"class_list":["post-2107","page","type-page","status-publish","hentry"],"acf":[],"yoast_head":"<!-- This site is optimized with the Yoast SEO plugin v27.0 - https:\/\/yoast.com\/product\/yoast-seo-wordpress\/ -->\n<title>Gecko - Duurzame oplossing voor uw gevel - Ontdek de voordelen<\/title>\n<meta name=\"description\" content=\"De Gecko beugels zijn ideaal voor een snelle, eenvoudige en duurzame plaatsing van een nieuwe gevel. Bekijk hier al onze voordelen.\" \/>\n<meta name=\"robots\" content=\"index, follow, max-snippet:-1, max-image-preview:large, max-video-preview:-1\" \/>\n<link rel=\"canonical\" href=\"https:\/\/gecko-fix.com\/no\/voordelen-gevelbekleding-gecko\/\" \/>\n<meta property=\"og:locale\" content=\"nb_NO\" \/>\n<meta property=\"og:type\" content=\"article\" \/>\n<meta property=\"og:title\" content=\"Gecko - Duurzame oplossing voor uw gevel - Ontdek de voordelen\" \/>\n<meta property=\"og:description\" content=\"De Gecko beugels zijn ideaal voor een snelle, eenvoudige en duurzame plaatsing van een nieuwe gevel. Bekijk hier al onze voordelen.\" \/>\n<meta property=\"og:url\" content=\"https:\/\/gecko-fix.com\/no\/voordelen-gevelbekleding-gecko\/\" \/>\n<meta property=\"og:site_name\" content=\"Gecko Fix\" \/>\n<meta property=\"article:modified_time\" content=\"2021-06-08T10:06:42+00:00\" \/>\n<meta name=\"twitter:card\" content=\"summary_large_image\" \/>\n<meta name=\"twitter:label1\" content=\"Ansl. lesetid\" \/>\n\t<meta name=\"twitter:data1\" content=\"2 minutter\" \/>\n<script type=\"application\/ld+json\" class=\"yoast-schema-graph\">{\"@context\":\"https:\/\/schema.org\",\"@graph\":[{\"@type\":\"WebPage\",\"@id\":\"https:\/\/gecko-fix.com\/no\/voordelen-gevelbekleding-gecko\/\",\"url\":\"https:\/\/gecko-fix.com\/no\/voordelen-gevelbekleding-gecko\/\",\"name\":\"Gecko - Duurzame oplossing voor uw gevel - Ontdek de voordelen\",\"isPartOf\":{\"@id\":\"https:\/\/gecko-fix.com\/#website\"},\"datePublished\":\"2019-12-10T15:02:37+00:00\",\"dateModified\":\"2021-06-08T10:06:42+00:00\",\"description\":\"De Gecko beugels zijn ideaal voor een snelle, eenvoudige en duurzame plaatsing van een nieuwe gevel. Bekijk hier al onze voordelen.\",\"breadcrumb\":{\"@id\":\"https:\/\/gecko-fix.com\/no\/voordelen-gevelbekleding-gecko\/#breadcrumb\"},\"inLanguage\":\"nb-NO\",\"potentialAction\":[{\"@type\":\"ReadAction\",\"target\":[\"https:\/\/gecko-fix.com\/no\/voordelen-gevelbekleding-gecko\/\"]}]},{\"@type\":\"BreadcrumbList\",\"@id\":\"https:\/\/gecko-fix.com\/no\/voordelen-gevelbekleding-gecko\/#breadcrumb\",\"itemListElement\":[{\"@type\":\"ListItem\",\"position\":1,\"name\":\"Home\",\"item\":\"https:\/\/gecko-fix.com\/no\/\"},{\"@type\":\"ListItem\",\"position\":2,\"name\":\"Voordelen\"}]},{\"@type\":\"WebSite\",\"@id\":\"https:\/\/gecko-fix.com\/#website\",\"url\":\"https:\/\/gecko-fix.com\/\",\"name\":\"Gecko Fix\",\"description\":\"Duurzame gevelbekleding voor nieuwbouw en renovatie\",\"potentialAction\":[{\"@type\":\"SearchAction\",\"target\":{\"@type\":\"EntryPoint\",\"urlTemplate\":\"https:\/\/gecko-fix.com\/?s={search_term_string}\"},\"query-input\":{\"@type\":\"PropertyValueSpecification\",\"valueRequired\":true,\"valueName\":\"search_term_string\"}}],\"inLanguage\":\"nb-NO\"}]}<\/script>\n<!-- \/ Yoast SEO plugin. -->","yoast_head_json":{"title":"Gecko - Duurzame oplossing voor uw gevel - Ontdek de voordelen","description":"De Gecko beugels zijn ideaal voor een snelle, eenvoudige en duurzame plaatsing van een nieuwe gevel. Bekijk hier al onze voordelen.","robots":{"index":"index","follow":"follow","max-snippet":"max-snippet:-1","max-image-preview":"max-image-preview:large","max-video-preview":"max-video-preview:-1"},"canonical":"https:\/\/gecko-fix.com\/no\/voordelen-gevelbekleding-gecko\/","og_locale":"nb_NO","og_type":"article","og_title":"Gecko - Duurzame oplossing voor uw gevel - Ontdek de voordelen","og_description":"De Gecko beugels zijn ideaal voor een snelle, eenvoudige en duurzame plaatsing van een nieuwe gevel. Bekijk hier al onze voordelen.","og_url":"https:\/\/gecko-fix.com\/no\/voordelen-gevelbekleding-gecko\/","og_site_name":"Gecko Fix","article_modified_time":"2021-06-08T10:06:42+00:00","twitter_card":"summary_large_image","twitter_misc":{"Ansl. lesetid":"2 minutter"},"schema":{"@context":"https:\/\/schema.org","@graph":[{"@type":"WebPage","@id":"https:\/\/gecko-fix.com\/no\/voordelen-gevelbekleding-gecko\/","url":"https:\/\/gecko-fix.com\/no\/voordelen-gevelbekleding-gecko\/","name":"Gecko - Duurzame oplossing voor uw gevel - Ontdek de voordelen","isPartOf":{"@id":"https:\/\/gecko-fix.com\/#website"},"datePublished":"2019-12-10T15:02:37+00:00","dateModified":"2021-06-08T10:06:42+00:00","description":"De Gecko beugels zijn ideaal voor een snelle, eenvoudige en duurzame plaatsing van een nieuwe gevel. Bekijk hier al onze voordelen.","breadcrumb":{"@id":"https:\/\/gecko-fix.com\/no\/voordelen-gevelbekleding-gecko\/#breadcrumb"},"inLanguage":"nb-NO","potentialAction":[{"@type":"ReadAction","target":["https:\/\/gecko-fix.com\/no\/voordelen-gevelbekleding-gecko\/"]}]},{"@type":"BreadcrumbList","@id":"https:\/\/gecko-fix.com\/no\/voordelen-gevelbekleding-gecko\/#breadcrumb","itemListElement":[{"@type":"ListItem","position":1,"name":"Home","item":"https:\/\/gecko-fix.com\/no\/"},{"@type":"ListItem","position":2,"name":"Voordelen"}]},{"@type":"WebSite","@id":"https:\/\/gecko-fix.com\/#website","url":"https:\/\/gecko-fix.com\/","name":"Gecko Fix","description":"Duurzame gevelbekleding voor nieuwbouw en renovatie","potentialAction":[{"@type":"SearchAction","target":{"@type":"EntryPoint","urlTemplate":"https:\/\/gecko-fix.com\/?s={search_term_string}"},"query-input":{"@type":"PropertyValueSpecification","valueRequired":true,"valueName":"search_term_string"}}],"inLanguage":"nb-NO"}]}},"_links":{"self":[{"href":"https:\/\/gecko-fix.com\/no\/wp-json\/wp\/v2\/pages\/2107","targetHints":{"allow":["GET"]}}],"collection":[{"href":"https:\/\/gecko-fix.com\/no\/wp-json\/wp\/v2\/pages"}],"about":[{"href":"https:\/\/gecko-fix.com\/no\/wp-json\/wp\/v2\/types\/page"}],"author":[{"embeddable":true,"href":"https:\/\/gecko-fix.com\/no\/wp-json\/wp\/v2\/users\/6"}],"replies":[{"embeddable":true,"href":"https:\/\/gecko-fix.com\/no\/wp-json\/wp\/v2\/comments?post=2107"}],"version-history":[{"count":4,"href":"https:\/\/gecko-fix.com\/no\/wp-json\/wp\/v2\/pages\/2107\/revisions"}],"predecessor-version":[{"id":2253,"href":"https:\/\/gecko-fix.com\/no\/wp-json\/wp\/v2\/pages\/2107\/revisions\/2253"}],"wp:attachment":[{"href":"https:\/\/gecko-fix.com\/no\/wp-json\/wp\/v2\/media?parent=2107"}],"curies":[{"name":"wp","href":"https:\/\/api.w.org\/{rel}","templated":true}]}}