{"id":2108,"date":"2019-12-10T15:02:37","date_gmt":"2019-12-10T15:02:37","guid":{"rendered":"https:\/\/gecko-fix.com\/voordelen-gevelbekleding-gecko\/"},"modified":"2021-06-10T08:19:36","modified_gmt":"2021-06-10T08:19:36","slug":"voordelen-gevelbekleding-gecko","status":"publish","type":"page","link":"https:\/\/gecko-fix.com\/pl\/voordelen-gevelbekleding-gecko\/","title":{"rendered":"Voordelen"},"content":{"rendered":"<div class=\"wpb-content-wrapper\"><p>[vc_row css_animation=&#8221;&#8221; row_type=&#8221;row&#8221; use_row_as_full_screen_section=&#8221;no&#8221; type=&#8221;grid&#8221; angled_section=&#8221;no&#8221; text_align=&#8221;left&#8221; background_image_as_pattern=&#8221;without_pattern&#8221; css=&#8221;.vc_custom_1576163640835{background-color: #c8d400 !important;}&#8221; z_index=&#8221;&#8221;][vc_column][vc_empty_space height=&#8221;50px&#8221;][vc_column_text]<\/p>\n<h1 class=\"subpage-title\">Czy chcia\u0142by\u015b okry\u0107 zewn\u0119trzn\u0105 \u015bcian\u0119 wyk\u0142adzin\u0105 Gecko? Odkryj zalety<\/h1>\n<p>[\/vc_column_text][vc_empty_space height=&#8221;40px&#8221;][vc_row_inner row_type=&#8221;row&#8221; type=&#8221;full_width&#8221; text_align=&#8221;left&#8221; css_animation=&#8221;&#8221;][vc_column_inner][vc_column_text]Wykorzystujemy wsporniki oferuj\u0105ce wydajn\u0105 metod\u0119 monta\u017cu ok\u0142adziny elewacyjnej. Wsporniki Gecko\u00ae s\u0105 idealne do szybkiego, prostego i trwa\u0142ego monta\u017cu nowej elewacji. Odkryj wszystkie nasze zalety.[\/vc_column_text][vc_empty_space height=&#8221;40px&#8221;][vc_raw_html]JTNDYSUyMGhyZWYlM0QlMjIlMkZyZWZlcmVudGllcyUyMiUzRSUzQ2J1dHRvbiUyMGNsYXNzJTNEJTIyY29tbW9uLWJ0biUyMiUzRU5hc3plJTIwcmVmZXJlbmNqZSUzQyUyRmJ1dHRvbiUzRSUzQyUyRmElM0U=[\/vc_raw_html][\/vc_column_inner][\/vc_row_inner][vc_empty_space height=&#8221;40px&#8221;][\/vc_column][\/vc_row][vc_row css_animation=&#8221;&#8221; row_type=&#8221;row&#8221; use_row_as_full_screen_section=&#8221;no&#8221; type=&#8221;grid&#8221; angled_section=&#8221;no&#8221; text_align=&#8221;left&#8221; background_image_as_pattern=&#8221;without_pattern&#8221; z_index=&#8221;&#8221;][vc_column][vc_empty_space height=&#8221;40px&#8221;][\/vc_column][\/vc_row][vc_row css_animation=&#8221;&#8221; row_type=&#8221;row&#8221; use_row_as_full_screen_section=&#8221;no&#8221; type=&#8221;grid&#8221; angled_section=&#8221;no&#8221; text_align=&#8221;left&#8221; background_image_as_pattern=&#8221;without_pattern&#8221; z_index=&#8221;&#8221;][vc_column width=&#8221;1\/2&#8243;][vc_column_text]<\/p>\n<h2 class=\"text-big\">Szybko i \u0142atwo<\/h2>\n<p>[\/vc_column_text][vc_empty_space height=&#8221;20px&#8221;]<div class=\"q_list circle\">\n\t<\/p>\n<ul class=\"common-list\">\n<li>Ka\u017cdy jest w stanie je zamontowa\u0107<\/li>\n<li>Szybkie wyr\u00f3wnanie = do 40% kr\u00f3tszy czas monta\u017cu<\/li>\n<li>Standardowe \u015bruby mocuj\u0105ce<\/li>\n<li>Wyr\u00f3wnania mo\u017cna dokona\u0107 za pomoc\u0105 \u015brub oraz za pomoc\u0105 gwo\u017adziarki gazowej\/pneumatycznej<\/li>\n<li>Nie s\u0105 wymagane \u017cadne specjalne narz\u0119dzia<\/li>\n<\/ul>\n<p><\/div>[vc_empty_space height=&#8221;20px&#8221;][\/vc_column][vc_column width=&#8221;1\/2&#8243;][vc_column_text]<\/p>\n<p style=\"text-align: left;\"><img decoding=\"async\" class=\"alignleft\" src=\"\/wp-content\/uploads\/2019\/12\/gecko-fix-1-300x214.jpg\" alt=\"\" width=\"400\" \/><\/p>\n<p>[\/vc_column_text][\/vc_column][\/vc_row][vc_row css_animation=&#8221;&#8221; row_type=&#8221;row&#8221; use_row_as_full_screen_section=&#8221;no&#8221; type=&#8221;grid&#8221; angled_section=&#8221;no&#8221; text_align=&#8221;left&#8221; background_image_as_pattern=&#8221;without_pattern&#8221; z_index=&#8221;&#8221;][vc_column][vc_empty_space height=&#8221;40px&#8221;][\/vc_column][\/vc_row][vc_row css_animation=&#8221;&#8221; row_type=&#8221;row&#8221; use_row_as_full_screen_section=&#8221;no&#8221; type=&#8221;grid&#8221; angled_section=&#8221;no&#8221; text_align=&#8221;left&#8221; background_image_as_pattern=&#8221;without_pattern&#8221; z_index=&#8221;&#8221;][vc_column width=&#8221;1\/2&#8243;][vc_column_text]<\/p>\n<h2 class=\"text-big\">R\u00f3\u017cne zastosowania<\/h2>\n<p>[\/vc_column_text][vc_empty_space height=&#8221;20px&#8221;]<div class=\"q_list circle\">\n\t<\/p>\n<ul class=\"common-list\">\n<li>3 wsporniki do wszystkich zastosowa\u0144<\/li>\n<\/ul>\n<div style=\"margin-left: 30px\">\n<p style=\"margin-bottom: 18px\"><a class=\"green\" href=\"https:\/\/gecko-fix.com\/producten\/\">BG210:<\/a> do we\u0142ny mineralnej (pionowo zamontowane listwy no\u015bne)<\/p>\n<p style=\"margin-bottom: 18px\"><a class=\"green\" href=\"https:\/\/gecko-fix.com\/producten\/\">BG110:<\/a> do PUR i pionowo zamontowanych listw no\u015bnych<\/p>\n<p style=\"margin-bottom: 22px\"><a class=\"green\" href=\"https:\/\/gecko-fix.com\/producten\/\">BG90H:<\/a> do PUR (poziomo i sko\u015bnie zamontowane listwy no\u015bne)<\/p>\n<\/div>\n<ul class=\"common-list\">\n<li>Dodatkowy du\u017cy margines na wyr\u00f3wnanie nawet do 90 mm<\/li>\n<li>Idealny do zastosowa\u0144 renowacyjnych<\/li>\n<\/ul>\n<p><\/div>[vc_empty_space height=&#8221;20px&#8221;][\/vc_column][vc_column width=&#8221;1\/2&#8243;][vc_column_text]<img decoding=\"async\" class=\"alignleft\" src=\"\/wp-content\/uploads\/2019\/12\/gecko-fix-6.jpg\" alt=\"\" width=\"400\" \/>[\/vc_column_text][\/vc_column][\/vc_row][vc_row css_animation=&#8221;&#8221; row_type=&#8221;row&#8221; use_row_as_full_screen_section=&#8221;no&#8221; type=&#8221;grid&#8221; angled_section=&#8221;no&#8221; text_align=&#8221;left&#8221; background_image_as_pattern=&#8221;without_pattern&#8221; z_index=&#8221;&#8221;][vc_column][vc_empty_space height=&#8221;40px&#8221;][\/vc_column][\/vc_row][vc_row css_animation=&#8221;&#8221; row_type=&#8221;row&#8221; use_row_as_full_screen_section=&#8221;no&#8221; type=&#8221;grid&#8221; angled_section=&#8221;no&#8221; text_align=&#8221;left&#8221; background_image_as_pattern=&#8221;without_pattern&#8221; z_index=&#8221;&#8221;][vc_column][vc_column_text]<\/p>\n<h2 class=\"text-big\">Zr\u00f3wnowa\u017cony charakter<\/h2>\n<p>[\/vc_column_text][vc_empty_space height=&#8221;20px&#8221;]<div class=\"q_list circle\">\n\t<\/p>\n<ul class=\"common-list\">\n<li>Brak mostk\u00f3w termicznych<\/li>\n<li>Wykonane w 100% z materia\u0142u pochodz\u0105cego z recyklingu<\/li>\n<\/ul>\n<p><\/div>[vc_empty_space height=&#8221;20px&#8221;][\/vc_column][\/vc_row][vc_row css_animation=&#8221;&#8221; row_type=&#8221;row&#8221; use_row_as_full_screen_section=&#8221;no&#8221; type=&#8221;grid&#8221; angled_section=&#8221;no&#8221; text_align=&#8221;left&#8221; background_image_as_pattern=&#8221;without_pattern&#8221; z_index=&#8221;&#8221;][vc_column][vc_empty_space height=&#8221;80px&#8221;][\/vc_column][\/vc_row]<\/p>\n<\/div>","protected":false},"excerpt":{"rendered":"<p>[vc_row css_animation=&#8221;&#8221; row_type=&#8221;row&#8221; use_row_as_full_screen_section=&#8221;no&#8221; type=&#8221;grid&#8221; angled_section=&#8221;no&#8221; text_align=&#8221;left&#8221; background_image_as_pattern=&#8221;without_pattern&#8221; css=&#8221;.vc_custom_1576163640835{background-color: #c8d400 !important;}&#8221; z_index=&#8221;&#8221;][vc_column][vc_empty_space height=&#8221;50px&#8221;][vc_column_text] Czy chcia\u0142by\u015b okry\u0107 zewn\u0119trzn\u0105 \u015bcian\u0119 wyk\u0142adzin\u0105 Gecko? Odkryj zalety [\/vc_column_text][vc_empty_space height=&#8221;40px&#8221;][vc_row_inner row_type=&#8221;row&#8221; type=&#8221;full_width&#8221; text_align=&#8221;left&#8221; css_animation=&#8221;&#8221;][vc_column_inner][vc_column_text]Wykorzystujemy wsporniki oferuj\u0105ce wydajn\u0105 metod\u0119 monta\u017cu ok\u0142adziny elewacyjnej. Wsporniki Gecko\u00ae s\u0105 idealne do szybkiego, prostego i trwa\u0142ego monta\u017cu&#8230;<\/p>\n","protected":false},"author":6,"featured_media":0,"parent":0,"menu_order":0,"comment_status":"closed","ping_status":"closed","template":"full_width.php","meta":{"_acf_changed":false,"footnotes":""},"class_list":["post-2108","page","type-page","status-publish","hentry"],"acf":[],"yoast_head":"<!-- This site is optimized with the Yoast SEO plugin v27.0 - https:\/\/yoast.com\/product\/yoast-seo-wordpress\/ -->\n<title>Gecko - Duurzame oplossing voor uw gevel - Ontdek de voordelen<\/title>\n<meta name=\"description\" content=\"De Gecko beugels zijn ideaal voor een snelle, eenvoudige en duurzame plaatsing van een nieuwe gevel. Bekijk hier al onze voordelen.\" \/>\n<meta name=\"robots\" content=\"index, follow, max-snippet:-1, max-image-preview:large, max-video-preview:-1\" \/>\n<link rel=\"canonical\" href=\"https:\/\/gecko-fix.com\/pl\/voordelen-gevelbekleding-gecko\/\" \/>\n<meta property=\"og:locale\" content=\"pl_PL\" \/>\n<meta property=\"og:type\" content=\"article\" \/>\n<meta property=\"og:title\" content=\"Gecko - Duurzame oplossing voor uw gevel - Ontdek de voordelen\" \/>\n<meta property=\"og:description\" content=\"De Gecko beugels zijn ideaal voor een snelle, eenvoudige en duurzame plaatsing van een nieuwe gevel. Bekijk hier al onze voordelen.\" \/>\n<meta property=\"og:url\" content=\"https:\/\/gecko-fix.com\/pl\/voordelen-gevelbekleding-gecko\/\" \/>\n<meta property=\"og:site_name\" content=\"Gecko Fix\" \/>\n<meta property=\"article:modified_time\" content=\"2021-06-10T08:19:36+00:00\" \/>\n<meta name=\"twitter:card\" content=\"summary_large_image\" \/>\n<meta name=\"twitter:label1\" content=\"Szacowany czas czytania\" \/>\n\t<meta name=\"twitter:data1\" content=\"2 minuty\" \/>\n<script type=\"application\/ld+json\" class=\"yoast-schema-graph\">{\"@context\":\"https:\/\/schema.org\",\"@graph\":[{\"@type\":\"WebPage\",\"@id\":\"https:\/\/gecko-fix.com\/pl\/voordelen-gevelbekleding-gecko\/\",\"url\":\"https:\/\/gecko-fix.com\/pl\/voordelen-gevelbekleding-gecko\/\",\"name\":\"Gecko - Duurzame oplossing voor uw gevel - Ontdek de voordelen\",\"isPartOf\":{\"@id\":\"https:\/\/gecko-fix.com\/#website\"},\"datePublished\":\"2019-12-10T15:02:37+00:00\",\"dateModified\":\"2021-06-10T08:19:36+00:00\",\"description\":\"De Gecko beugels zijn ideaal voor een snelle, eenvoudige en duurzame plaatsing van een nieuwe gevel. Bekijk hier al onze voordelen.\",\"breadcrumb\":{\"@id\":\"https:\/\/gecko-fix.com\/pl\/voordelen-gevelbekleding-gecko\/#breadcrumb\"},\"inLanguage\":\"pl-PL\",\"potentialAction\":[{\"@type\":\"ReadAction\",\"target\":[\"https:\/\/gecko-fix.com\/pl\/voordelen-gevelbekleding-gecko\/\"]}]},{\"@type\":\"BreadcrumbList\",\"@id\":\"https:\/\/gecko-fix.com\/pl\/voordelen-gevelbekleding-gecko\/#breadcrumb\",\"itemListElement\":[{\"@type\":\"ListItem\",\"position\":1,\"name\":\"Home\",\"item\":\"https:\/\/gecko-fix.com\/pl\/\"},{\"@type\":\"ListItem\",\"position\":2,\"name\":\"Voordelen\"}]},{\"@type\":\"WebSite\",\"@id\":\"https:\/\/gecko-fix.com\/#website\",\"url\":\"https:\/\/gecko-fix.com\/\",\"name\":\"Gecko Fix\",\"description\":\"Duurzame gevelbekleding voor nieuwbouw en renovatie\",\"potentialAction\":[{\"@type\":\"SearchAction\",\"target\":{\"@type\":\"EntryPoint\",\"urlTemplate\":\"https:\/\/gecko-fix.com\/?s={search_term_string}\"},\"query-input\":{\"@type\":\"PropertyValueSpecification\",\"valueRequired\":true,\"valueName\":\"search_term_string\"}}],\"inLanguage\":\"pl-PL\"}]}<\/script>\n<!-- \/ Yoast SEO plugin. -->","yoast_head_json":{"title":"Gecko - Duurzame oplossing voor uw gevel - Ontdek de voordelen","description":"De Gecko beugels zijn ideaal voor een snelle, eenvoudige en duurzame plaatsing van een nieuwe gevel. Bekijk hier al onze voordelen.","robots":{"index":"index","follow":"follow","max-snippet":"max-snippet:-1","max-image-preview":"max-image-preview:large","max-video-preview":"max-video-preview:-1"},"canonical":"https:\/\/gecko-fix.com\/pl\/voordelen-gevelbekleding-gecko\/","og_locale":"pl_PL","og_type":"article","og_title":"Gecko - Duurzame oplossing voor uw gevel - Ontdek de voordelen","og_description":"De Gecko beugels zijn ideaal voor een snelle, eenvoudige en duurzame plaatsing van een nieuwe gevel. Bekijk hier al onze voordelen.","og_url":"https:\/\/gecko-fix.com\/pl\/voordelen-gevelbekleding-gecko\/","og_site_name":"Gecko Fix","article_modified_time":"2021-06-10T08:19:36+00:00","twitter_card":"summary_large_image","twitter_misc":{"Szacowany czas czytania":"2 minuty"},"schema":{"@context":"https:\/\/schema.org","@graph":[{"@type":"WebPage","@id":"https:\/\/gecko-fix.com\/pl\/voordelen-gevelbekleding-gecko\/","url":"https:\/\/gecko-fix.com\/pl\/voordelen-gevelbekleding-gecko\/","name":"Gecko - Duurzame oplossing voor uw gevel - Ontdek de voordelen","isPartOf":{"@id":"https:\/\/gecko-fix.com\/#website"},"datePublished":"2019-12-10T15:02:37+00:00","dateModified":"2021-06-10T08:19:36+00:00","description":"De Gecko beugels zijn ideaal voor een snelle, eenvoudige en duurzame plaatsing van een nieuwe gevel. Bekijk hier al onze voordelen.","breadcrumb":{"@id":"https:\/\/gecko-fix.com\/pl\/voordelen-gevelbekleding-gecko\/#breadcrumb"},"inLanguage":"pl-PL","potentialAction":[{"@type":"ReadAction","target":["https:\/\/gecko-fix.com\/pl\/voordelen-gevelbekleding-gecko\/"]}]},{"@type":"BreadcrumbList","@id":"https:\/\/gecko-fix.com\/pl\/voordelen-gevelbekleding-gecko\/#breadcrumb","itemListElement":[{"@type":"ListItem","position":1,"name":"Home","item":"https:\/\/gecko-fix.com\/pl\/"},{"@type":"ListItem","position":2,"name":"Voordelen"}]},{"@type":"WebSite","@id":"https:\/\/gecko-fix.com\/#website","url":"https:\/\/gecko-fix.com\/","name":"Gecko Fix","description":"Duurzame gevelbekleding voor nieuwbouw en renovatie","potentialAction":[{"@type":"SearchAction","target":{"@type":"EntryPoint","urlTemplate":"https:\/\/gecko-fix.com\/?s={search_term_string}"},"query-input":{"@type":"PropertyValueSpecification","valueRequired":true,"valueName":"search_term_string"}}],"inLanguage":"pl-PL"}]}},"_links":{"self":[{"href":"https:\/\/gecko-fix.com\/pl\/wp-json\/wp\/v2\/pages\/2108","targetHints":{"allow":["GET"]}}],"collection":[{"href":"https:\/\/gecko-fix.com\/pl\/wp-json\/wp\/v2\/pages"}],"about":[{"href":"https:\/\/gecko-fix.com\/pl\/wp-json\/wp\/v2\/types\/page"}],"author":[{"embeddable":true,"href":"https:\/\/gecko-fix.com\/pl\/wp-json\/wp\/v2\/users\/6"}],"replies":[{"embeddable":true,"href":"https:\/\/gecko-fix.com\/pl\/wp-json\/wp\/v2\/comments?post=2108"}],"version-history":[{"count":4,"href":"https:\/\/gecko-fix.com\/pl\/wp-json\/wp\/v2\/pages\/2108\/revisions"}],"predecessor-version":[{"id":2379,"href":"https:\/\/gecko-fix.com\/pl\/wp-json\/wp\/v2\/pages\/2108\/revisions\/2379"}],"wp:attachment":[{"href":"https:\/\/gecko-fix.com\/pl\/wp-json\/wp\/v2\/media?parent=2108"}],"curies":[{"name":"wp","href":"https:\/\/api.w.org\/{rel}","templated":true}]}}