{"id":2109,"date":"2019-12-10T15:02:37","date_gmt":"2019-12-10T15:02:37","guid":{"rendered":"https:\/\/gecko-fix.com\/voordelen-gevelbekleding-gecko\/"},"modified":"2021-06-10T14:08:21","modified_gmt":"2021-06-10T14:08:21","slug":"voordelen-gevelbekleding-gecko","status":"publish","type":"page","link":"https:\/\/gecko-fix.com\/ro\/voordelen-gevelbekleding-gecko\/","title":{"rendered":"Voordelen"},"content":{"rendered":"<div class=\"wpb-content-wrapper\"><p>[vc_row css_animation=&#8221;&#8221; row_type=&#8221;row&#8221; use_row_as_full_screen_section=&#8221;no&#8221; type=&#8221;grid&#8221; angled_section=&#8221;no&#8221; text_align=&#8221;left&#8221; background_image_as_pattern=&#8221;without_pattern&#8221; css=&#8221;.vc_custom_1576163640835{background-color: #c8d400 !important;}&#8221; z_index=&#8221;&#8221;][vc_column][vc_empty_space height=&#8221;50px&#8221;][vc_column_text]<\/p>\n<h1 class=\"subpage-title\">Placarea peretelui exterior cu Gecko? Descoper\u0103 avantajele<\/h1>\n<p>[\/vc_column_text][vc_empty_space height=&#8221;40px&#8221;][vc_row_inner row_type=&#8221;row&#8221; type=&#8221;full_width&#8221; text_align=&#8221;left&#8221; css_animation=&#8221;&#8221;][vc_column_inner][vc_column_text]Lucr\u0103m cu suporturi care ofer\u0103 o metod\u0103 eficient\u0103 pentru montarea pl\u0103cilor pentru pere\u021bii dvs. exteriori. Suporturile Gecko\u00ae sunt ideale pentru o instalare rapid\u0103, simpl\u0103 \u0219i durabil\u0103 a unei noi fa\u021bade. Descoperi\u021bi toate avantajele noastre.[\/vc_column_text][vc_empty_space height=&#8221;40px&#8221;][vc_raw_html]JTNDYSUyMGhyZWYlM0QlMjIlMkZyZWZlcmVudGllcyUyMiUzRSUzQ2J1dHRvbiUyMGNsYXNzJTNEJTIyY29tbW9uLWJ0biUyMiUzRUx1Y3IlQzQlODNyaWxlJTIwbm9hc3RyZSUyMGRlJTIwcmVmZXJpbiVDOCU5QiVDNCU4MyUzQyUyRmJ1dHRvbiUzRSUzQyUyRmElM0U=[\/vc_raw_html][\/vc_column_inner][\/vc_row_inner][vc_empty_space height=&#8221;40px&#8221;][\/vc_column][\/vc_row][vc_row css_animation=&#8221;&#8221; row_type=&#8221;row&#8221; use_row_as_full_screen_section=&#8221;no&#8221; type=&#8221;grid&#8221; angled_section=&#8221;no&#8221; text_align=&#8221;left&#8221; background_image_as_pattern=&#8221;without_pattern&#8221; z_index=&#8221;&#8221;][vc_column][vc_empty_space height=&#8221;40px&#8221;][\/vc_column][\/vc_row][vc_row css_animation=&#8221;&#8221; row_type=&#8221;row&#8221; use_row_as_full_screen_section=&#8221;no&#8221; type=&#8221;grid&#8221; angled_section=&#8221;no&#8221; text_align=&#8221;left&#8221; background_image_as_pattern=&#8221;without_pattern&#8221; z_index=&#8221;&#8221;][vc_column width=&#8221;1\/2&#8243;][vc_column_text]<\/p>\n<h2 class=\"text-big\">Rapid \u0219i simplu<\/h2>\n<p>[\/vc_column_text][vc_empty_space height=&#8221;20px&#8221;]<div class=\"q_list circle\">\n\t<\/p>\n<ul class=\"common-list\">\n<li>Poate fi montat de oricine<\/li>\n<li>Aliniere eficient\u0103 = timp de asamblare cu p\u00e2n\u0103 la 40% mai rapid<\/li>\n<li>\u0218uruburi de montare standard<\/li>\n<li>Alinierea se poate face cu \u0219uruburi \u0219i cu pistol de cuie cu gaz\/aer comprimat<\/li>\n<li>Nu sunt necesare unelte speciale<\/li>\n<\/ul>\n<p><\/div>[vc_empty_space height=&#8221;20px&#8221;][\/vc_column][vc_column width=&#8221;1\/2&#8243;][vc_column_text]<\/p>\n<p style=\"text-align: left;\"><img decoding=\"async\" class=\"alignleft\" src=\"\/wp-content\/uploads\/2019\/12\/gecko-fix-1-300x214.jpg\" alt=\"\" width=\"400\" \/><\/p>\n<p>[\/vc_column_text][\/vc_column][\/vc_row][vc_row css_animation=&#8221;&#8221; row_type=&#8221;row&#8221; use_row_as_full_screen_section=&#8221;no&#8221; type=&#8221;grid&#8221; angled_section=&#8221;no&#8221; text_align=&#8221;left&#8221; background_image_as_pattern=&#8221;without_pattern&#8221; z_index=&#8221;&#8221;][vc_column][vc_empty_space height=&#8221;40px&#8221;][\/vc_column][\/vc_row][vc_row css_animation=&#8221;&#8221; row_type=&#8221;row&#8221; use_row_as_full_screen_section=&#8221;no&#8221; type=&#8221;grid&#8221; angled_section=&#8221;no&#8221; text_align=&#8221;left&#8221; background_image_as_pattern=&#8221;without_pattern&#8221; z_index=&#8221;&#8221;][vc_column width=&#8221;1\/2&#8243;][vc_column_text]<\/p>\n<h2 class=\"text-big\">Aplica\u021bii diferite<\/h2>\n<p>[\/vc_column_text][vc_empty_space height=&#8221;20px&#8221;]<div class=\"q_list circle\">\n\t<\/p>\n<ul class=\"common-list\">\n<li>3 suporturi pentru toate aplica\u021biile<\/li>\n<\/ul>\n<div style=\"margin-left: 30px\">\n<p style=\"margin-bottom: 18px\"><a class=\"green\" href=\"https:\/\/gecko-fix.com\/producten\/\">BG210:<\/a> aplicarea vatei minerale (structur\u0103 vertical\u0103)<\/p>\n<p style=\"margin-bottom: 18px\"><a class=\"green\" href=\"https:\/\/gecko-fix.com\/producten\/\">BG110:<\/a> aplicare PUR \u0219i structur\u0103 vertical\u0103<\/p>\n<p style=\"margin-bottom: 22px\"><a class=\"green\" href=\"https:\/\/gecko-fix.com\/producten\/\">BG90H:<\/a> aplicare PUR (structur\u0103 orizontal\u0103 \u0219i \u00eenclinat\u0103)<\/p>\n<\/div>\n<ul class=\"common-list\">\n<li>Marj\u0103 suplimentar\u0103 pentru alinierea p\u00e2n\u0103 la 90 mm\/li&gt;<\/li>\n<li>Ideal pentru lucr\u0103rile de renovare<\/li>\n<\/ul>\n<p><\/div>[vc_empty_space height=&#8221;20px&#8221;][\/vc_column][vc_column width=&#8221;1\/2&#8243;][vc_column_text]<img decoding=\"async\" class=\"alignleft\" src=\"\/wp-content\/uploads\/2019\/12\/gecko-fix-6.jpg\" alt=\"\" width=\"400\" \/>[\/vc_column_text][\/vc_column][\/vc_row][vc_row css_animation=&#8221;&#8221; row_type=&#8221;row&#8221; use_row_as_full_screen_section=&#8221;no&#8221; type=&#8221;grid&#8221; angled_section=&#8221;no&#8221; text_align=&#8221;left&#8221; background_image_as_pattern=&#8221;without_pattern&#8221; z_index=&#8221;&#8221;][vc_column][vc_empty_space height=&#8221;40px&#8221;][\/vc_column][\/vc_row][vc_row css_animation=&#8221;&#8221; row_type=&#8221;row&#8221; use_row_as_full_screen_section=&#8221;no&#8221; type=&#8221;grid&#8221; angled_section=&#8221;no&#8221; text_align=&#8221;left&#8221; background_image_as_pattern=&#8221;without_pattern&#8221; z_index=&#8221;&#8221;][vc_column][vc_column_text]<\/p>\n<h2 class=\"text-big\">Durabilitate<\/h2>\n<p>[\/vc_column_text][vc_empty_space height=&#8221;20px&#8221;]<div class=\"q_list circle\">\n\t<\/p>\n<ul class=\"common-list\">\n<li>F\u0103r\u0103 pun\u021bi termice<\/li>\n<li>Realizat 100% din material reciclat<\/li>\n<\/ul>\n<p><\/div>[vc_empty_space height=&#8221;20px&#8221;][\/vc_column][\/vc_row][vc_row css_animation=&#8221;&#8221; row_type=&#8221;row&#8221; use_row_as_full_screen_section=&#8221;no&#8221; type=&#8221;grid&#8221; angled_section=&#8221;no&#8221; text_align=&#8221;left&#8221; background_image_as_pattern=&#8221;without_pattern&#8221; z_index=&#8221;&#8221;][vc_column][vc_empty_space height=&#8221;80px&#8221;][\/vc_column][\/vc_row]<\/p>\n<\/div>","protected":false},"excerpt":{"rendered":"<p>[vc_row css_animation=&#8221;&#8221; row_type=&#8221;row&#8221; use_row_as_full_screen_section=&#8221;no&#8221; type=&#8221;grid&#8221; angled_section=&#8221;no&#8221; text_align=&#8221;left&#8221; background_image_as_pattern=&#8221;without_pattern&#8221; css=&#8221;.vc_custom_1576163640835{background-color: #c8d400 !important;}&#8221; z_index=&#8221;&#8221;][vc_column][vc_empty_space height=&#8221;50px&#8221;][vc_column_text] Placarea peretelui exterior cu Gecko? Descoper\u0103 avantajele [\/vc_column_text][vc_empty_space height=&#8221;40px&#8221;][vc_row_inner row_type=&#8221;row&#8221; type=&#8221;full_width&#8221; text_align=&#8221;left&#8221; css_animation=&#8221;&#8221;][vc_column_inner][vc_column_text]Lucr\u0103m cu suporturi care ofer\u0103 o metod\u0103 eficient\u0103 pentru montarea pl\u0103cilor pentru pere\u021bii dvs. exteriori. Suporturile Gecko\u00ae sunt ideale pentru&#8230;<\/p>\n","protected":false},"author":6,"featured_media":0,"parent":0,"menu_order":0,"comment_status":"closed","ping_status":"closed","template":"full_width.php","meta":{"_acf_changed":false,"footnotes":""},"class_list":["post-2109","page","type-page","status-publish","hentry"],"acf":[],"yoast_head":"<!-- This site is optimized with the Yoast SEO plugin v27.0 - https:\/\/yoast.com\/product\/yoast-seo-wordpress\/ -->\n<title>Gecko - Duurzame oplossing voor uw gevel - Ontdek de voordelen<\/title>\n<meta name=\"description\" content=\"De Gecko beugels zijn ideaal voor een snelle, eenvoudige en duurzame plaatsing van een nieuwe gevel. Bekijk hier al onze voordelen.\" \/>\n<meta name=\"robots\" content=\"index, follow, max-snippet:-1, max-image-preview:large, max-video-preview:-1\" \/>\n<link rel=\"canonical\" href=\"https:\/\/gecko-fix.com\/ro\/voordelen-gevelbekleding-gecko\/\" \/>\n<meta property=\"og:locale\" content=\"ro_RO\" \/>\n<meta property=\"og:type\" content=\"article\" \/>\n<meta property=\"og:title\" content=\"Gecko - Duurzame oplossing voor uw gevel - Ontdek de voordelen\" \/>\n<meta property=\"og:description\" content=\"De Gecko beugels zijn ideaal voor een snelle, eenvoudige en duurzame plaatsing van een nieuwe gevel. Bekijk hier al onze voordelen.\" \/>\n<meta property=\"og:url\" content=\"https:\/\/gecko-fix.com\/ro\/voordelen-gevelbekleding-gecko\/\" \/>\n<meta property=\"og:site_name\" content=\"Gecko Fix\" \/>\n<meta property=\"article:modified_time\" content=\"2021-06-10T14:08:21+00:00\" \/>\n<meta name=\"twitter:card\" content=\"summary_large_image\" \/>\n<meta name=\"twitter:label1\" content=\"Timp estimat pentru citire\" \/>\n\t<meta name=\"twitter:data1\" content=\"2 minute\" \/>\n<script type=\"application\/ld+json\" class=\"yoast-schema-graph\">{\"@context\":\"https:\/\/schema.org\",\"@graph\":[{\"@type\":\"WebPage\",\"@id\":\"https:\/\/gecko-fix.com\/ro\/voordelen-gevelbekleding-gecko\/\",\"url\":\"https:\/\/gecko-fix.com\/ro\/voordelen-gevelbekleding-gecko\/\",\"name\":\"Gecko - Duurzame oplossing voor uw gevel - Ontdek de voordelen\",\"isPartOf\":{\"@id\":\"https:\/\/gecko-fix.com\/#website\"},\"datePublished\":\"2019-12-10T15:02:37+00:00\",\"dateModified\":\"2021-06-10T14:08:21+00:00\",\"description\":\"De Gecko beugels zijn ideaal voor een snelle, eenvoudige en duurzame plaatsing van een nieuwe gevel. Bekijk hier al onze voordelen.\",\"breadcrumb\":{\"@id\":\"https:\/\/gecko-fix.com\/ro\/voordelen-gevelbekleding-gecko\/#breadcrumb\"},\"inLanguage\":\"ro-RO\",\"potentialAction\":[{\"@type\":\"ReadAction\",\"target\":[\"https:\/\/gecko-fix.com\/ro\/voordelen-gevelbekleding-gecko\/\"]}]},{\"@type\":\"BreadcrumbList\",\"@id\":\"https:\/\/gecko-fix.com\/ro\/voordelen-gevelbekleding-gecko\/#breadcrumb\",\"itemListElement\":[{\"@type\":\"ListItem\",\"position\":1,\"name\":\"Home\",\"item\":\"https:\/\/gecko-fix.com\/ro\/\"},{\"@type\":\"ListItem\",\"position\":2,\"name\":\"Voordelen\"}]},{\"@type\":\"WebSite\",\"@id\":\"https:\/\/gecko-fix.com\/#website\",\"url\":\"https:\/\/gecko-fix.com\/\",\"name\":\"Gecko Fix\",\"description\":\"Duurzame gevelbekleding voor nieuwbouw en renovatie\",\"potentialAction\":[{\"@type\":\"SearchAction\",\"target\":{\"@type\":\"EntryPoint\",\"urlTemplate\":\"https:\/\/gecko-fix.com\/?s={search_term_string}\"},\"query-input\":{\"@type\":\"PropertyValueSpecification\",\"valueRequired\":true,\"valueName\":\"search_term_string\"}}],\"inLanguage\":\"ro-RO\"}]}<\/script>\n<!-- \/ Yoast SEO plugin. -->","yoast_head_json":{"title":"Gecko - Duurzame oplossing voor uw gevel - Ontdek de voordelen","description":"De Gecko beugels zijn ideaal voor een snelle, eenvoudige en duurzame plaatsing van een nieuwe gevel. Bekijk hier al onze voordelen.","robots":{"index":"index","follow":"follow","max-snippet":"max-snippet:-1","max-image-preview":"max-image-preview:large","max-video-preview":"max-video-preview:-1"},"canonical":"https:\/\/gecko-fix.com\/ro\/voordelen-gevelbekleding-gecko\/","og_locale":"ro_RO","og_type":"article","og_title":"Gecko - Duurzame oplossing voor uw gevel - Ontdek de voordelen","og_description":"De Gecko beugels zijn ideaal voor een snelle, eenvoudige en duurzame plaatsing van een nieuwe gevel. Bekijk hier al onze voordelen.","og_url":"https:\/\/gecko-fix.com\/ro\/voordelen-gevelbekleding-gecko\/","og_site_name":"Gecko Fix","article_modified_time":"2021-06-10T14:08:21+00:00","twitter_card":"summary_large_image","twitter_misc":{"Timp estimat pentru citire":"2 minute"},"schema":{"@context":"https:\/\/schema.org","@graph":[{"@type":"WebPage","@id":"https:\/\/gecko-fix.com\/ro\/voordelen-gevelbekleding-gecko\/","url":"https:\/\/gecko-fix.com\/ro\/voordelen-gevelbekleding-gecko\/","name":"Gecko - Duurzame oplossing voor uw gevel - Ontdek de voordelen","isPartOf":{"@id":"https:\/\/gecko-fix.com\/#website"},"datePublished":"2019-12-10T15:02:37+00:00","dateModified":"2021-06-10T14:08:21+00:00","description":"De Gecko beugels zijn ideaal voor een snelle, eenvoudige en duurzame plaatsing van een nieuwe gevel. Bekijk hier al onze voordelen.","breadcrumb":{"@id":"https:\/\/gecko-fix.com\/ro\/voordelen-gevelbekleding-gecko\/#breadcrumb"},"inLanguage":"ro-RO","potentialAction":[{"@type":"ReadAction","target":["https:\/\/gecko-fix.com\/ro\/voordelen-gevelbekleding-gecko\/"]}]},{"@type":"BreadcrumbList","@id":"https:\/\/gecko-fix.com\/ro\/voordelen-gevelbekleding-gecko\/#breadcrumb","itemListElement":[{"@type":"ListItem","position":1,"name":"Home","item":"https:\/\/gecko-fix.com\/ro\/"},{"@type":"ListItem","position":2,"name":"Voordelen"}]},{"@type":"WebSite","@id":"https:\/\/gecko-fix.com\/#website","url":"https:\/\/gecko-fix.com\/","name":"Gecko Fix","description":"Duurzame gevelbekleding voor nieuwbouw en renovatie","potentialAction":[{"@type":"SearchAction","target":{"@type":"EntryPoint","urlTemplate":"https:\/\/gecko-fix.com\/?s={search_term_string}"},"query-input":{"@type":"PropertyValueSpecification","valueRequired":true,"valueName":"search_term_string"}}],"inLanguage":"ro-RO"}]}},"_links":{"self":[{"href":"https:\/\/gecko-fix.com\/ro\/wp-json\/wp\/v2\/pages\/2109","targetHints":{"allow":["GET"]}}],"collection":[{"href":"https:\/\/gecko-fix.com\/ro\/wp-json\/wp\/v2\/pages"}],"about":[{"href":"https:\/\/gecko-fix.com\/ro\/wp-json\/wp\/v2\/types\/page"}],"author":[{"embeddable":true,"href":"https:\/\/gecko-fix.com\/ro\/wp-json\/wp\/v2\/users\/6"}],"replies":[{"embeddable":true,"href":"https:\/\/gecko-fix.com\/ro\/wp-json\/wp\/v2\/comments?post=2109"}],"version-history":[{"count":4,"href":"https:\/\/gecko-fix.com\/ro\/wp-json\/wp\/v2\/pages\/2109\/revisions"}],"predecessor-version":[{"id":2430,"href":"https:\/\/gecko-fix.com\/ro\/wp-json\/wp\/v2\/pages\/2109\/revisions\/2430"}],"wp:attachment":[{"href":"https:\/\/gecko-fix.com\/ro\/wp-json\/wp\/v2\/media?parent=2109"}],"curies":[{"name":"wp","href":"https:\/\/api.w.org\/{rel}","templated":true}]}}